{"id":101,"date":"2019-07-22T15:04:59","date_gmt":"2019-07-22T13:04:59","guid":{"rendered":"https:\/\/www.istl.net\/?page_id=101"},"modified":"2025-10-22T10:43:15","modified_gmt":"2025-10-22T08:43:15","slug":"das-ist-istl","status":"publish","type":"page","link":"https:\/\/www.istl.net\/de\/das-ist-istl\/","title":{"rendered":"Das ist ISTL"},"content":{"rendered":"\n\n\t\t\t<h1>Das ist ISTL<\/h1>\t\t\t\n\t\t\t<h1>ISTL &#8211; eine fundierte theologische Ausbildung in einer inspirierenden Kultur.<\/h1>\t\t\t\n\t\t\t\t<p>ISTL (International Seminary of Theology and Leadership) bildet seit 2005 junge Leiter aus, die bereit sind, alles auf eine Karte zu setzen. Wir verbinden solide theologische Ausbildung und innovatives Denken mit jugendlichem Feuer. Durch das duale Ausbildungskonzept und die intensive Partnerschaft mit Ausbildungsgemeinden haben unsere Absolventen einen starken Praxisbezug. Erfahre mehr \u00fcber unsere <a href=\"https:\/\/www.istl.net\/das-ist-istl\/geschichte\/\" target=\"_blank\" rel=\"noopener\">Geschichte<\/a>\u00a0und werde Teil der Vision, die Welt zu ver\u00e4ndern.<\/p>\n\t\t\t<h4>Tausende junge Leiter geben sich von ganzem  Herzen Gottes Auftrag hin und bringen f\u00fcr und mit Gott neue geistliche Aufbr\u00fcche hervor.<\/h4>\t\t\t\n\t\t\t\t\t<img decoding=\"async\" src=\"https:\/\/i.ytimg.com\/vi\/VB2xozXCb20\/hqdefault.jpg\" alt=\"youtube-video-thumbnail\"\/>\n\t\t\t<h1>Die duale Ausbildung bei ISTL basiert auf vier S\u00e4ulen<\/h1>\t\t\t\n\t\t\t\t<img loading=\"lazy\" decoding=\"async\" src=\"https:\/\/www.istl.net\/wp-content\/uploads\/2020\/04\/icon_1-150x150.jpg\" alt=\"icon_1\" itemprop=\"image\" height=\"150\" width=\"150\" title=\"icon_1\" onerror=\"this.style.display='none'\"  \/>\n\t\t\t<h3>Akademisches Lernen<\/h3>\t\t\t\n\t\t\t\t<p>Durch das Studieren auf europ\u00e4ischem Qualit\u00e4tsstandard wird das intellektuelle Denken gef\u00f6rdert und das theologische Fundament gebaut. Die Vertiefung ins Wort Gottes wird zu einem Anker und Orientierung f\u00fcr den Dienst.<\/p>\n\t\t\t\t<img loading=\"lazy\" decoding=\"async\" src=\"https:\/\/www.istl.net\/wp-content\/uploads\/2020\/04\/icon_2-150x150.jpg\" alt=\"icon_2\" itemprop=\"image\" height=\"150\" width=\"150\" title=\"icon_2\" onerror=\"this.style.display='none'\"  \/>\n\t\t\t<h3>Charakter und \u00dcberzeugungen<\/h3>\t\t\t\n\t\t\t\t<p>Die Studierenden werden herausgefordert, einen christus\u00e4hnlichen Charakter und starke \u00dcberzeugungen zu entwickeln. Durch pers\u00f6nliches Mentoring und Peer-Coaching lernen sie einen gesunden, gradlinigen Lebensstil zu f\u00fchren.<\/p>\n\t\t\t\t<img loading=\"lazy\" decoding=\"async\" src=\"https:\/\/www.istl.net\/wp-content\/uploads\/2020\/04\/Icon1-150x150.jpg\" alt=\"Icon1\" itemprop=\"image\" height=\"150\" width=\"150\" title=\"Icon1\" onerror=\"this.style.display='none'\"  \/>\n\t\t\t<h3>Geistliches Leben<\/h3>\t\t\t\n\t\t\t\t<p>Die Entwicklung der pers\u00f6nlichen Gottesbeziehung wird aktiv gef\u00f6rdert. Regelm\u00e4\u00dfige Gebetszeiten, Eins\u00e4tze und die erweckliche Schulkultur tragen dazu bei, dass der pers\u00f6nliche Glaube w\u00e4chst.<\/p>\n\t\t\t\t<img loading=\"lazy\" decoding=\"async\" src=\"https:\/\/www.istl.net\/wp-content\/uploads\/2020\/04\/icon2-150x150.jpg\" alt=\"icon2\" itemprop=\"image\" height=\"150\" width=\"150\" title=\"icon2\" onerror=\"this.style.display='none'\"  \/>\n\t\t\t<h3>Praxis und Anwendung<\/h3>\t\t\t\n\t\t\t\t<p>Wissen und Tun bilden eine Einheit. Die Studierenden lernen \u201eT\u00e4ter des Wortes&#8220; zu werden, indem sie F\u00fchrungsverantwortung \u00fcbernehmen. Dadurch bekommt das Wissen die n\u00f6tige Tiefe.<\/p>\n\t\t\t<h1>Eine Schule &#8211; mehrere Standorte<\/h1>\t\t\t\n\t\t\t\t<p>ISTL bietet eine einzigartige Ausbildung mit Standorten in Deutschland und der Schweiz an. Wir bilden kompetente, charakterstarke und geisterf\u00fcllte M\u00e4nner und Frauen aus, die sich von ganzem Herzen dem Auftrag von Jesus Christus hingeben.<\/p>\n\t\t\t\t<a href=\"https:\/\/www.istl.net\/zuerich\/\"  target=\"_blank\" rel=\"noopener\"  itemprop=\"url\">\n\t\t\t\t<img loading=\"lazy\" decoding=\"async\" src=\"https:\/\/www.istl.net\/wp-content\/uploads\/2023\/03\/sw_zuerich_221213_eln-430x300.jpg\" alt=\"sw z\u00fcrich 221213 eln\" itemprop=\"image\" height=\"300\" width=\"430\" title=\"SW_Z\u00fcrich_221213_ELN\" onerror=\"this.style.display='none'\"  \/>\n\t\t\t\t<\/a>\n\t\t\t\t<a href=\"https:\/\/www.istl.net\/thun\/\"  target=\"_blank\" rel=\"noopener\"  itemprop=\"url\">\n\t\t\t\t<img loading=\"lazy\" decoding=\"async\" src=\"https:\/\/www.istl.net\/wp-content\/uploads\/2023\/03\/sw_thun_230330_eln-430x300.jpg\" alt=\"sw thun 230330 eln\" itemprop=\"image\" height=\"300\" width=\"430\" title=\"SW_Thun_230330_ELN\" onerror=\"this.style.display='none'\"  \/>\n\t\t\t\t<\/a>\n\t\t\t\t<a href=\"https:\/\/www.istl.net\/karlsruhe\/\"  target=\"_blank\" rel=\"noopener\"  itemprop=\"url\">\n\t\t\t\t<img loading=\"lazy\" decoding=\"async\" src=\"https:\/\/www.istl.net\/wp-content\/uploads\/2022\/12\/sw_karlsruhe_221223_eln-430x300.jpg\" alt=\"sw karlsruhe 221223 eln\" itemprop=\"image\" height=\"300\" width=\"430\" title=\"SW_Karlsruhe_221223_ELN\" onerror=\"this.style.display='none'\"  \/>\n\t\t\t\t<\/a>\n\t\t\t\t<a href=\"https:\/\/www.istl.net\/dresden\/\"  target=\"_blank\" rel=\"noopener\"  itemprop=\"url\">\n\t\t\t\t<img loading=\"lazy\" decoding=\"async\" src=\"https:\/\/www.istl.net\/wp-content\/uploads\/2022\/12\/sw_dresden_221213_eln-430x300.jpg\" alt=\"sw dresden 221213 eln\" itemprop=\"image\" height=\"300\" width=\"430\" title=\"SW_Dresden_221213_ELN\" onerror=\"this.style.display='none'\"  \/>\n\t\t\t\t<\/a>\n\t\t\t\t<a href=\"https:\/\/www.istl.net\/bremen\/\"  target=\"_blank\" rel=\"noopener\"  itemprop=\"url\">\n\t\t\t\t<img loading=\"lazy\" decoding=\"async\" src=\"https:\/\/www.istl.net\/wp-content\/uploads\/2023\/09\/bild-standort_230704_eln-430x300.jpg\" alt=\"bild standort 230704 eln\" itemprop=\"image\" height=\"300\" width=\"430\" title=\"Bild Standort_230704_ELN\" onerror=\"this.style.display='none'\"  \/>\n\t\t\t\t<\/a>\n\t\t\t\t<img loading=\"lazy\" decoding=\"async\" src=\"https:\/\/www.istl.net\/wp-content\/uploads\/2024\/04\/bildauswahl-quadro24-400x400.jpg\" alt=\"bildauswahl quadro24\" itemprop=\"image\" height=\"400\" width=\"400\" title=\"Bildauswahl-Quadro24\" onerror=\"this.style.display='none'\"  \/>\n\t\t\t\t<a href=\"https:\/\/www.istl.net\/spenden\/\"  target=\"_blank\" rel=\"noopener\"  itemprop=\"url\">\n\t\t\t\t<img loading=\"lazy\" decoding=\"async\" src=\"https:\/\/www.istl.net\/wp-content\/uploads\/2020\/05\/ISTL-Spenden-Button-BY.png\" alt=\"ISTL-Spenden-Button-BY\" itemprop=\"image\" height=\"1769\" width=\"1754\" title=\"ISTL-Spenden-Button-BY\" onerror=\"this.style.display='none'\"  \/>\n\t\t\t\t<\/a>\n<h1>\n\t\t<a href=\"https:\/\/www.istl.net\/spenden\/\" title=\"DAS ISTL JETZT BOOSTEN!\"  target=\"_blank\"  rel=\"noopener\">\n\t\tDAS ISTL JETZT BOOSTEN!\n\t\t<\/a>\n\t<\/h1>\n\t\t\t<h1>Hinter den Kulissen von ISTL<\/h1>\t\t\t\n\t\t\t\t<p>Ein hingebungsvolles Mitarbeiterteam und eine starke Leitung erm\u00f6glichen seit 2005 die Ausbildung am ISTL.<\/p>\n\t\t\t<a href=\"https:\/\/www.istl.net\/das-ist-istl\/officecrew\/\" target=\"_blank\" rel=\"noopener\">\n\t\t\t\t\t\t\tOffice Crew\n\t\t\t\t\t<\/a>\n\t\t\t<a href=\"https:\/\/www.istl.net\/das-ist-istl\/vorstand\/\" target=\"_blank\" rel=\"noopener\">\n\t\t\t\t\t\t\tVorstand\n\t\t\t\t\t<\/a>\n\t\t\t<a href=\"https:\/\/www.istl.net\/das-ist-istl\/leitung\/\" target=\"_blank\" rel=\"noopener\">\n\t\t\t\t\t\t\tLeitung\n\t\t\t\t\t<\/a>\n\t\t\t<a href=\"https:\/\/www.istl.net\/aktuell\/#jobs\" target=\"_self\">\n\t\t\t\t\t\t\tOffene Stellen\n\t\t\t\t\t<\/a>\n\t\t\t<h1>Aktuelle Ausbildungspartnerschaften mit Verb\u00e4nden und Missionswerken<\/h1>\t\t\t\n\t\t\t\t<p>ISTL kooperiert mit zahlreichen Gemeindeverb\u00e4nden in Deutschland und der Schweiz. Durch das duale Ausbildungskonzept erm\u00f6glichen wir Gemeinden, ihren eigenen Leiternachwuchs auszubilden.\u00a0Zudem arbeiten wir partnerschaftlich mit christlichen Werken, Missionsgesellschaften und Bildungsnetzwerken zusammen.<\/p>\n\t\t\t<a href=\"https:\/\/www.istl.net\/das-ist-istl\/partner\/#alle\" target=\"_blank\" rel=\"noopener\">\n\t\t\t\t\t\t\tAusbildungspartner\n\t\t\t\t\t<\/a>\n\t\t\t<a href=\"https:\/\/www.istl.net\/das-ist-istl\/akkreditation\/#akkreditierung-&#038;-mitgliedschaften\" target=\"_blank\" rel=\"noopener\">\n\t\t\t\t\t\t\tAkkreditierung\n\t\t\t\t\t<\/a>\n\t\t\t<h3>Glaubensbekenntnis<\/h3>\t\t\t\n\t\t\t\t<p>ISTL ist der Glaubensbasis der Europ\u00e4ischen Evangelischen Allianz (<a href=\"http:\/\/www.each.ch\/wer-wir-sind\/glaubensbasis\/\">CH<\/a> und <a href=\"https:\/\/www.ead.de\/basis-des-glaubens\/#:~:text=Die%20Evangelische%20Allianz%20in%20Deutschland,er%20seine%20Souver\u00e4nit\u00e4t%20und%20Gnade\">DE<\/a>) verpflichtet. Das Missionsverst\u00e4ndnis orientiert sich an der\u00a0<a href=\"https:\/\/lausanne.org\/de\/lausanner-verpflichtung\/lausanner-verpflichtung\">Lausanner Verpflichtung<\/a>\u00a0und dem Dokument\u00a0<a href=\"https:\/\/www.ead.de\/fileadmin\/user_upload\/Christliches-Zeugnis-Original.pdf\">\u201eChristliches Zeugnis in einer multireligi\u00f6sen Welt&#8220;<\/a>.<\/p>\n\n","protected":false},"excerpt":{"rendered":"<p>Das ist ISTL ISTL &#8211; eine fundierte theologische Ausbildung in einer inspirierenden Kultur. ISTL (International Seminary of Theology and Leadership) bildet seit 2005 junge Leiter aus, die bereit sind, alles auf eine Karte zu setzen. Wir verbinden solide theologische Ausbildung und innovatives Denken mit jugendlichem Feuer. Durch das duale Ausbildungskonzept und die intensive Partnerschaft mit [&hellip;]<\/p>\n","protected":false},"author":1,"featured_media":0,"parent":0,"menu_order":0,"comment_status":"closed","ping_status":"closed","template":"","meta":{"_acf_changed":false,"_seopress_robots_primary_cat":"","_seopress_titles_title":"Das ist ISTL","_seopress_titles_desc":"\"ISTL ist eine Schule die lebt. Jung, wild und das Herz bei Jesus \u2013 diese Leute bauen Kirche der Zukunft!\" - Heinz Strupler","_seopress_robots_index":"","site-sidebar-layout":"no-sidebar","site-content-layout":"page-builder","ast-site-content-layout":"full-width-container","site-content-style":"unboxed","site-sidebar-style":"unboxed","ast-global-header-display":"","ast-banner-title-visibility":"","ast-main-header-display":"","ast-hfb-above-header-display":"","ast-hfb-below-header-display":"","ast-hfb-mobile-header-display":"","site-post-title":"disabled","ast-breadcrumbs-content":"","ast-featured-img":"disabled","footer-sml-layout":"","ast-disable-related-posts":"","theme-transparent-header-meta":"default","adv-header-id-meta":"","stick-header-meta":"default","header-above-stick-meta":"","header-main-stick-meta":"","header-below-stick-meta":"","astra-migrate-meta-layouts":"set","ast-page-background-enabled":"default","ast-page-background-meta":{"desktop":{"background-color":"","background-image":"","background-repeat":"repeat","background-position":"center center","background-size":"auto","background-attachment":"scroll","background-type":"","background-media":"","overlay-type":"","overlay-color":"","overlay-opacity":"","overlay-gradient":""},"tablet":{"background-color":"","background-image":"","background-repeat":"repeat","background-position":"center center","background-size":"auto","background-attachment":"scroll","background-type":"","background-media":"","overlay-type":"","overlay-color":"","overlay-opacity":"","overlay-gradient":""},"mobile":{"background-color":"","background-image":"","background-repeat":"repeat","background-position":"center center","background-size":"auto","background-attachment":"scroll","background-type":"","background-media":"","overlay-type":"","overlay-color":"","overlay-opacity":"","overlay-gradient":""}},"ast-content-background-meta":{"desktop":{"background-color":"var(--ast-global-color-5)","background-image":"","background-repeat":"repeat","background-position":"center center","background-size":"auto","background-attachment":"scroll","background-type":"","background-media":"","overlay-type":"","overlay-color":"","overlay-opacity":"","overlay-gradient":""},"tablet":{"background-color":"var(--ast-global-color-5)","background-image":"","background-repeat":"repeat","background-position":"center center","background-size":"auto","background-attachment":"scroll","background-type":"","background-media":"","overlay-type":"","overlay-color":"","overlay-opacity":"","overlay-gradient":""},"mobile":{"background-color":"var(--ast-global-color-5)","background-image":"","background-repeat":"repeat","background-position":"center center","background-size":"auto","background-attachment":"scroll","background-type":"","background-media":"","overlay-type":"","overlay-color":"","overlay-opacity":"","overlay-gradient":""}},"_links_to":"","_links_to_type":0,"iawp_total_views":25187,"footnotes":""},"class_list":["post-101","page","type-page","status-publish","hentry"],"acf":[],"publishpress_future_action":{"enabled":false,"date":"2026-04-26 04:53:22","action":"change-status","newStatus":"draft","terms":[],"taxonomy":"translation_priority","extraData":[]},"publishpress_future_workflow_manual_trigger":{"enabledWorkflows":[]},"_links":{"self":[{"href":"https:\/\/www.istl.net\/de\/wp-json\/wp\/v2\/pages\/101","targetHints":{"allow":["GET"]}}],"collection":[{"href":"https:\/\/www.istl.net\/de\/wp-json\/wp\/v2\/pages"}],"about":[{"href":"https:\/\/www.istl.net\/de\/wp-json\/wp\/v2\/types\/page"}],"author":[{"embeddable":true,"href":"https:\/\/www.istl.net\/de\/wp-json\/wp\/v2\/users\/1"}],"replies":[{"embeddable":true,"href":"https:\/\/www.istl.net\/de\/wp-json\/wp\/v2\/comments?post=101"}],"version-history":[{"count":334,"href":"https:\/\/www.istl.net\/de\/wp-json\/wp\/v2\/pages\/101\/revisions"}],"predecessor-version":[{"id":14998,"href":"https:\/\/www.istl.net\/de\/wp-json\/wp\/v2\/pages\/101\/revisions\/14998"}],"wp:attachment":[{"href":"https:\/\/www.istl.net\/de\/wp-json\/wp\/v2\/media?parent=101"}],"curies":[{"name":"wp","href":"https:\/\/api.w.org\/{rel}","templated":true}]}}