{"id":10439,"date":"2023-02-14T08:53:28","date_gmt":"2023-02-14T07:53:28","guid":{"rendered":"https:\/\/www.istl.net\/?page_id=10439"},"modified":"2024-04-11T14:32:25","modified_gmt":"2024-04-11T12:32:25","slug":"anmeldung-mth","status":"publish","type":"page","link":"https:\/\/www.istl.net\/de\/anmeldung-mth\/","title":{"rendered":"Anmeldung MTh"},"content":{"rendered":"\n\n\t\t\t<h1>wir freuen<br \/>uns auf dich<\/h1>\t\t\t\n<h2>\n\t\tAnmeldung MTh\n\t<\/h2>\n\t<p>Der Master of Theology (MTh) kennzeichnet sich durch eine akademische theologische Forschung. Dieser Studiengang wird gemeinsam mit SATS durchgef\u00fchrt. Das Masterstudium beginnt mit einem Grundkurs zu verschiedenen Themen im Bereich der theologischen Forschung. Hier ben\u00f6tigst du Englischkenntnisse.<\/p>\n<p>Nach diesem Grundkurs wird ein Proposal erstellt, welches vom Forschungskomitee bei SATS genehmigt werden muss. Nach der Genehmigung beginnt der Schreibprozess der Masterarbeit. Den Schwerpunkt der Forschungsarbeit kannst du selbstst\u00e4ndig festlegen. Der Forschungsprozess wird von einem Supervisor begleitet. Die Masterarbeit kannst du in Deutsch schreiben.<\/p>\n<p>Um einen MTh anstreben zu k\u00f6nnen, musst du einen BTh hons Abschluss mitbringen und bereits in einer Gemeinde oder einem Missionswerk mitarbeiten.<\/p>\n<p>Bevor eine Anmeldung get\u00e4tigt wird,\u00a0bitten wir dich mit uns Kontakt aufzunehmen:<\/p>\n\t\t\t<a href=\"mailto:info@istl.net\" target=\"_blank\" rel=\"noopener\">\n\t\t\t\t\t\t\tKontakt\n\t\t\t\t\t<\/a>\n\t\t\t\t<img loading=\"lazy\" decoding=\"async\" src=\"https:\/\/www.istl.net\/wp-content\/uploads\/2022\/08\/51685023787_5ea08a823f_k-e1669294537847-1000x1000.jpg\" alt=\"51685023787_5ea08a823f_k\" itemprop=\"image\" height=\"1000\" width=\"1000\" title=\"51685023787_5ea08a823f_k\" onerror=\"this.style.display='none'\"  \/>\n\n","protected":false},"excerpt":{"rendered":"<p>wir freuenuns auf dich Anmeldung MTh Der Master of Theology (MTh) kennzeichnet sich durch eine akademische theologische Forschung. Dieser Studiengang wird gemeinsam mit SATS durchgef\u00fchrt. Das Masterstudium beginnt mit einem Grundkurs zu verschiedenen Themen im Bereich der theologischen Forschung. Hier ben\u00f6tigst du Englischkenntnisse. Nach diesem Grundkurs wird ein Proposal erstellt, welches vom Forschungskomitee bei SATS [&hellip;]<\/p>\n","protected":false},"author":20,"featured_media":0,"parent":0,"menu_order":0,"comment_status":"closed","ping_status":"closed","template":"","meta":{"_acf_changed":false,"_seopress_robots_primary_cat":"","_seopress_titles_title":"Melde dich f\u00fcr einen ISTL-Schnuppertag mit Einblick in den Unterricht an","_seopress_titles_desc":"Finde das Studium, das zu dir und deinen Lebensumst\u00e4nden passt und lasse dich ausr\u00fcsten f\u00fcr deinen Dienst. Ein Schnuppertag umfasst folgendes: Teilnahme am Unterricht, Kennenlernen von Studierenden, gemeinsames Mittagessen, Ausbildungsgespr\u00e4ch","_seopress_robots_index":"","site-sidebar-layout":"no-sidebar","site-content-layout":"page-builder","ast-site-content-layout":"full-width-container","site-content-style":"unboxed","site-sidebar-style":"unboxed","ast-global-header-display":"","ast-banner-title-visibility":"","ast-main-header-display":"","ast-hfb-above-header-display":"","ast-hfb-below-header-display":"","ast-hfb-mobile-header-display":"","site-post-title":"disabled","ast-breadcrumbs-content":"","ast-featured-img":"disabled","footer-sml-layout":"","ast-disable-related-posts":"","theme-transparent-header-meta":"default","adv-header-id-meta":"","stick-header-meta":"default","header-above-stick-meta":"","header-main-stick-meta":"","header-below-stick-meta":"","astra-migrate-meta-layouts":"set","ast-page-background-enabled":"default","ast-page-background-meta":{"desktop":{"background-color":"","background-image":"","background-repeat":"repeat","background-position":"center center","background-size":"auto","background-attachment":"scroll","background-type":"","background-media":"","overlay-type":"","overlay-color":"","overlay-opacity":"","overlay-gradient":""},"tablet":{"background-color":"","background-image":"","background-repeat":"repeat","background-position":"center center","background-size":"auto","background-attachment":"scroll","background-type":"","background-media":"","overlay-type":"","overlay-color":"","overlay-opacity":"","overlay-gradient":""},"mobile":{"background-color":"","background-image":"","background-repeat":"repeat","background-position":"center center","background-size":"auto","background-attachment":"scroll","background-type":"","background-media":"","overlay-type":"","overlay-color":"","overlay-opacity":"","overlay-gradient":""}},"ast-content-background-meta":{"desktop":{"background-color":"var(--ast-global-color-5)","background-image":"","background-repeat":"repeat","background-position":"center center","background-size":"auto","background-attachment":"scroll","background-type":"","background-media":"","overlay-type":"","overlay-color":"","overlay-opacity":"","overlay-gradient":""},"tablet":{"background-color":"var(--ast-global-color-5)","background-image":"","background-repeat":"repeat","background-position":"center center","background-size":"auto","background-attachment":"scroll","background-type":"","background-media":"","overlay-type":"","overlay-color":"","overlay-opacity":"","overlay-gradient":""},"mobile":{"background-color":"var(--ast-global-color-5)","background-image":"","background-repeat":"repeat","background-position":"center center","background-size":"auto","background-attachment":"scroll","background-type":"","background-media":"","overlay-type":"","overlay-color":"","overlay-opacity":"","overlay-gradient":""}},"_links_to":"","_links_to_type":0,"iawp_total_views":218,"footnotes":""},"class_list":["post-10439","page","type-page","status-publish","hentry"],"acf":[],"publishpress_future_action":{"enabled":false,"date":"2026-04-26 08:14:05","action":"change-status","newStatus":"draft","terms":[],"taxonomy":"translation_priority","extraData":[]},"publishpress_future_workflow_manual_trigger":{"enabledWorkflows":[]},"_links":{"self":[{"href":"https:\/\/www.istl.net\/de\/wp-json\/wp\/v2\/pages\/10439","targetHints":{"allow":["GET"]}}],"collection":[{"href":"https:\/\/www.istl.net\/de\/wp-json\/wp\/v2\/pages"}],"about":[{"href":"https:\/\/www.istl.net\/de\/wp-json\/wp\/v2\/types\/page"}],"author":[{"embeddable":true,"href":"https:\/\/www.istl.net\/de\/wp-json\/wp\/v2\/users\/20"}],"replies":[{"embeddable":true,"href":"https:\/\/www.istl.net\/de\/wp-json\/wp\/v2\/comments?post=10439"}],"version-history":[{"count":6,"href":"https:\/\/www.istl.net\/de\/wp-json\/wp\/v2\/pages\/10439\/revisions"}],"predecessor-version":[{"id":13026,"href":"https:\/\/www.istl.net\/de\/wp-json\/wp\/v2\/pages\/10439\/revisions\/13026"}],"wp:attachment":[{"href":"https:\/\/www.istl.net\/de\/wp-json\/wp\/v2\/media?parent=10439"}],"curies":[{"name":"wp","href":"https:\/\/api.w.org\/{rel}","templated":true}]}}