{"id":1084,"date":"2019-10-03T19:36:32","date_gmt":"2019-10-03T17:36:32","guid":{"rendered":"https:\/\/www.istl.net\/?page_id=1084"},"modified":"2025-12-03T09:22:04","modified_gmt":"2025-12-03T08:22:04","slug":"diplomstudium","status":"publish","type":"page","link":"https:\/\/www.istl.net\/de\/studienangebote\/diplomstudium\/","title":{"rendered":"Diplomstudium"},"content":{"rendered":"\n\n\t\t\t<h1>Diplom&shy;studium (CH)<\/h1>\t\t\t\n\t\t\t\t<p>Die praxisintegrierte theologische Ausbildung ohne akademische Forschungsarbeiten.\u00a0<\/p>\n\t\t\t<a href=\"https:\/\/www.istl.net\/studienangebote\/\" target=\"_self\">\n\t\t\t\t\t\t\tZur\u00fcck\n\t\t\t\t\t<\/a>\n\t\t\t\t<img decoding=\"async\" src=\"https:\/\/www.istl.net\/wp-content\/uploads\/2024\/04\/bildauswahl-quadro7.jpg\" alt=\"bildauswahl quadro7\" itemprop=\"image\" height=\"1000\" width=\"1000\" title=\"Bildauswahl-Quadro7\" onerror=\"this.style.display='none'\" loading=\"lazy\" \/>\n\t\t\t<h3>Was und warum?<\/h3>\t\t\t\n\t\t\t\t<p>Das dreij\u00e4hrige Diplomstudium umfasst eine praxisintegrierte, theologische Ausbildung. Diese Ausbildung f\u00fchrt dich in deine Berufung als Jugendpastor, Evangelist, Missionar, Gemeindegru\u0308nder oder vergleichbare Aufgaben in Gemeinde oder Missionswerk. Das Diplomstudium umfasst 6 Semester und schlie\u00dft mit einem ISTL-Diplom in der Schweiz ab.<\/p>\n\t\t\t<h3>Ist das f\u00fcr mich?<\/h3>\t\t\t\n\t\t\t\t<p>Das Studium eignet sich f\u00fcr Menschen aus allen Gabenbereichen, die bereit sind, sich neuen Herausforderungen zu stellen und sich ver\u00e4ndern zu lassen. Die dreij\u00e4hrige Ausbildung f\u00fchrt in einen vollzeitlichen, geistlichen Dienst.<\/p>\n\t\t\t<h3>Voraussetzungen<\/h3>\t\t\t\n\t\t\t\t<p>F\u00fcr ein Diplomstudium bringst du eine zw\u00f6lfj\u00e4hrige Grundausbildung mit und arbeitest bereits in einer Gemeinde oder einem Missionswerk (ehrenamtlich oder angestellt). Die Gemeindeleitung oder dein Pastor unterst\u00fctzt deine Entscheidung f\u00fcr die theologische Ausbildung.<\/p>\n<p>Du bist aufgeschlossen und an deinen Mitmenschen interessiert, lernbereit, teamf\u00e4hig, belastbar, diszipliniert und stehst in einer lebendigen Beziehung mit Gott.\u00a0<\/p>\n\t\t\t<h3>Abschluss<\/h3>\t\t\t\n<p>Das Diplomstudium umfasst 6 Semester und schlie\u00dft mit einem ISTL-Diplom in der Schweiz ab.<\/p>\n\t\t\t<h2>Kosten<\/h2>\t\t\t\n\t\t\t\t<p>Alle Informationen zu den Kosten f\u00fcr das Diplomstudium sind hier ersichtlich:<\/p>\n\t\t\t<a href=\"https:\/\/www.istl.net\/studienangebote\/diplomstudium-kosten\/\" title=\"Hier klicken\" target=\"_blank\" rel=\"noopener\"  role=\"button\" aria-label=\"Kosten\">\n\t\t\t\t\t\t\tKosten\n\t\t<\/a>\n\t\t\t\t<img decoding=\"async\" src=\"https:\/\/www.istl.net\/wp-content\/uploads\/2022\/10\/52436951648_44551fc066_k-e1669294132550-1000x1000.jpg\" alt=\"52436951648 44551fc066 k\" itemprop=\"image\" height=\"1000\" width=\"1000\" title=\"52436951648_44551fc066_k\" onerror=\"this.style.display='none'\" loading=\"lazy\" \/>\n\t\t\t<h2>Jetzt anmelden!<\/h2>\t\t\t\n\t\t\t\t<p>Hier kannst du dich zum Schnuppern oder f\u00fcrs Studium anmelden.<\/p>\n\t\t\t<a href=\"https:\/\/www.istl.net\/anmelden-schnuppern\/\" title=\"Hier klicken\" target=\"_self\"   role=\"button\" aria-label=\"Schnuppern\">\n\t\t\t\t\t\t\tSchnuppern\n\t\t<\/a>\n\t\t\t<a href=\"https:\/\/www.istl.net\/anmelden-studium\/\" title=\"Hier klicken\" target=\"_self\"   role=\"button\" aria-label=\"Studium\">\n\t\t\t\t\t\t\tStudium\n\t\t<\/a>\n\n","protected":false},"excerpt":{"rendered":"<p>Diplom&shy;studium (CH) Die praxisintegrierte theologische Ausbildung ohne akademische Forschungsarbeiten.\u00a0 Zur\u00fcck Was und warum? Das dreij\u00e4hrige Diplomstudium umfasst eine praxisintegrierte, theologische Ausbildung. Diese Ausbildung f\u00fchrt dich in deine Berufung als Jugendpastor, Evangelist, Missionar, Gemeindegru\u0308nder oder vergleichbare Aufgaben in Gemeinde oder Missionswerk. Das Diplomstudium umfasst 6 Semester und schlie\u00dft mit einem ISTL-Diplom in der Schweiz ab. Ist [&hellip;]<\/p>\n","protected":false},"author":4,"featured_media":0,"parent":6715,"menu_order":0,"comment_status":"closed","ping_status":"closed","template":"","meta":{"_acf_changed":false,"_seopress_robots_primary_cat":"","_seopress_titles_title":"ISTL \u2013 Diplomstudium \u2013 Praxisintegrierte duale theologische Ausbildung","_seopress_titles_desc":"Das dreij\u00e4hrige Diplomstudium umfasst eine praxisintegrierte, theologische Ausbildung, die dich in deine Berufung f\u00fchrt. Das Studium eignet sich f\u00fcr Menschen aus allen Gabenbereichen, die bereit sind, sich neuen Herausforderungen zu stellen, akademisch zu arbeiten und sich ver\u00e4ndern zu lassen.","_seopress_robots_index":"","site-sidebar-layout":"no-sidebar","site-content-layout":"page-builder","ast-site-content-layout":"full-width-container","site-content-style":"unboxed","site-sidebar-style":"unboxed","ast-global-header-display":"","ast-banner-title-visibility":"","ast-main-header-display":"","ast-hfb-above-header-display":"","ast-hfb-below-header-display":"","ast-hfb-mobile-header-display":"","site-post-title":"disabled","ast-breadcrumbs-content":"","ast-featured-img":"disabled","footer-sml-layout":"","ast-disable-related-posts":"","theme-transparent-header-meta":"default","adv-header-id-meta":"","stick-header-meta":"default","header-above-stick-meta":"","header-main-stick-meta":"","header-below-stick-meta":"","astra-migrate-meta-layouts":"set","ast-page-background-enabled":"default","ast-page-background-meta":{"desktop":{"background-color":"","background-image":"","background-repeat":"repeat","background-position":"center center","background-size":"auto","background-attachment":"scroll","background-type":"","background-media":"","overlay-type":"","overlay-color":"","overlay-opacity":"","overlay-gradient":""},"tablet":{"background-color":"","background-image":"","background-repeat":"repeat","background-position":"center center","background-size":"auto","background-attachment":"scroll","background-type":"","background-media":"","overlay-type":"","overlay-color":"","overlay-opacity":"","overlay-gradient":""},"mobile":{"background-color":"","background-image":"","background-repeat":"repeat","background-position":"center center","background-size":"auto","background-attachment":"scroll","background-type":"","background-media":"","overlay-type":"","overlay-color":"","overlay-opacity":"","overlay-gradient":""}},"ast-content-background-meta":{"desktop":{"background-color":"var(--ast-global-color-5)","background-image":"","background-repeat":"repeat","background-position":"center center","background-size":"auto","background-attachment":"scroll","background-type":"","background-media":"","overlay-type":"","overlay-color":"","overlay-opacity":"","overlay-gradient":""},"tablet":{"background-color":"var(--ast-global-color-5)","background-image":"","background-repeat":"repeat","background-position":"center center","background-size":"auto","background-attachment":"scroll","background-type":"","background-media":"","overlay-type":"","overlay-color":"","overlay-opacity":"","overlay-gradient":""},"mobile":{"background-color":"var(--ast-global-color-5)","background-image":"","background-repeat":"repeat","background-position":"center center","background-size":"auto","background-attachment":"scroll","background-type":"","background-media":"","overlay-type":"","overlay-color":"","overlay-opacity":"","overlay-gradient":""}},"_links_to":"","_links_to_type":0,"iawp_total_views":1898,"footnotes":""},"class_list":["post-1084","page","type-page","status-publish","hentry"],"acf":[],"publishpress_future_action":{"enabled":false,"date":"2026-04-26 09:25:28","action":"change-status","newStatus":"draft","terms":[],"taxonomy":"translation_priority","extraData":[]},"publishpress_future_workflow_manual_trigger":{"enabledWorkflows":[]},"_links":{"self":[{"href":"https:\/\/www.istl.net\/de\/wp-json\/wp\/v2\/pages\/1084","targetHints":{"allow":["GET"]}}],"collection":[{"href":"https:\/\/www.istl.net\/de\/wp-json\/wp\/v2\/pages"}],"about":[{"href":"https:\/\/www.istl.net\/de\/wp-json\/wp\/v2\/types\/page"}],"author":[{"embeddable":true,"href":"https:\/\/www.istl.net\/de\/wp-json\/wp\/v2\/users\/4"}],"replies":[{"embeddable":true,"href":"https:\/\/www.istl.net\/de\/wp-json\/wp\/v2\/comments?post=1084"}],"version-history":[{"count":55,"href":"https:\/\/www.istl.net\/de\/wp-json\/wp\/v2\/pages\/1084\/revisions"}],"predecessor-version":[{"id":15296,"href":"https:\/\/www.istl.net\/de\/wp-json\/wp\/v2\/pages\/1084\/revisions\/15296"}],"up":[{"embeddable":true,"href":"https:\/\/www.istl.net\/de\/wp-json\/wp\/v2\/pages\/6715"}],"wp:attachment":[{"href":"https:\/\/www.istl.net\/de\/wp-json\/wp\/v2\/media?parent=1084"}],"curies":[{"name":"wp","href":"https:\/\/api.w.org\/{rel}","templated":true}]}}