{"id":10956,"date":"2019-09-04T14:23:57","date_gmt":"2019-09-04T12:23:57","guid":{"rendered":"https:\/\/www.istl.net\/studienangebote\/bth\/"},"modified":"2025-04-16T08:57:42","modified_gmt":"2025-04-16T06:57:42","slug":"bth","status":"publish","type":"page","link":"https:\/\/www.istl.net\/de\/studienangebote\/bth\/","title":{"rendered":"Bachelor of Theology Bth"},"content":{"rendered":"\n\n\t\t\t<h1>Bildungsgang Theologie<\/h1>\t\t\t\n\t\t\t\t<p>Der Bildungsgang f\u00fcr Akademiker. F\u00fcr dich und deinen Grips.\u00a0<\/p>\n\t\t\t<a href=\"https:\/\/www.istl.net\/studienangebote\/\" target=\"_self\">\n\t\t\t\t\t\t\tZur\u00fcck\n\t\t\t\t\t<\/a>\n\t\t\t\t<img loading=\"lazy\" decoding=\"async\" src=\"https:\/\/www.istl.net\/wp-content\/uploads\/2024\/02\/bildauswahl-quadro10-600x600.jpg\" alt=\"Bildauswahl-Quadro10\" itemprop=\"image\" height=\"600\" width=\"600\" title=\"Bildauswahl-Quadro10\" onerror=\"this.style.display='none'\"  \/>\n\t\t\t<h3>Was und warum?<\/h3>\t\t\t\n\t\t\t\t<p>Der Bildungsgang Theologie ist eine vertiefte Theologieausbildung. Hier werden deine intellektuellen F\u00e4higkeiten herausgefordert. Du erwirbst vertieftes Wissen durch die Arbeit an Forschungsprojekten. Dieser Ausbildungsgang bildet Leiter aus, die mit einer hohen theologischen Kompetenz in einem vollzeitlichen Dienst in einer Gemeinde, Werk oder Gr\u00fcndung stehen wollen. Der Bildungsgang Theologie dauert insgesamt acht Schulhalbjahre.<\/p>\n\t\t\t<h3>Ist das f\u00fcr mich?<\/h3>\t\t\t\n\t\t\t\t<p>In diesem Bildungsgang entwickelst du dich selbstst\u00e4ndig zu einem \u00ablife long learner\u00bb und kannst nahtlos eine Weiterbildung (MTh) angehen. Dieser Bildungsgang eignet sich f\u00fcr Personen, die vertieft theologisch forschen m\u00f6chten.<\/p>\n\t\t\t<h3>Voraussetzungen<\/h3>\t\t\t\n\t\t\t\t<p>F\u00fcr den Bildungsgang Theologie bringst du eine zw\u00f6lfj\u00e4hrige Grundausbildung (Matura\/Abitur gew\u00fcnscht) mit und arbeitest bereits in einer Gemeinde oder einem Missionswerk (ehrenamtlich oder angestellt). Die Gemeindeleitung oder dein Pastor unterst\u00fctzt deine Entscheidung f\u00fcr die theologische Ausbildung.<\/p>\n<p>Du bist aufgeschlossen und an deinen Mitmenschen interessiert, lernbereit, teamf\u00e4hig, belastbar, diszipliniert und stehst in einer lebendigen Beziehung mit Gott.\u00a0<\/p>\n\t\t\t<h3>Abschluss<\/h3>\t\t\t\n\t\t\t\t<p>Der Bildungsgang Theologie dauert acht Schulhalbjahre und umfasst 210 ECTS Credits. Dieser Bildungsgang ist von ECTE* und ICHE** als Qualifikation auf EQF Ebene 6 (Bachelorebene) akkreditiert. Dadurch er\u00f6ffnen sich zahlreiche Weiterbildungsm\u00f6glichkeiten auf Masterebene. Eine nahtlose Weiterbildung im <a href=\"https:\/\/www.istl.net\/de\/studienangebote\/mth\/\">MTh<\/a>-Programm bei SATS*** ist m\u00f6glich.<br \/>ISTL orientiert sich am europ\u00e4ischen Bologna Standard.<\/p>\n<p>\u00a0<\/p>\n<h6>*<a href=\"http:\/\/ecte.eu\">European Council for Theological Education<\/a><br \/>**<a href=\"http:\/\/www.ichenetwork.org\/site\/index.php\">International Council for Higher Education<\/a><br \/>***<a href=\"https:\/\/www.sats.edu.za\/\" target=\"_blank\" rel=\"noopener\">South African Theological Seminary<\/a><\/h6>\n\t\t\t<h3>Grundbildungsgang<\/h3>\t\t\t\n\t\t\t\t<p>Das Curriculum ist so aufgebaut, dass sich die Sch\u00fcler schrittweise eine solide Grundlage in den Bereichen Theologie, Gemeindebau, Leiterschaft und Evangelisation erarbeiten k\u00f6nnen. Dies f\u00fchrt zu einem interdisziplin\u00e4ren Verst\u00e4ndnis mit direkter Anwendung in der Praxis. Die F\u00e4higkeiten zu predigen, zu leiten und Teams zu entwickeln, werden gezielt gef\u00f6rdert.<\/p>\n\t\t\t<h3>Aufbauenden Bildungsgang<\/h3>\t\t\t\n\t\t\t\t<p>Im aufbauenden Bildungsgang wird in das Schreiben wissenschaftlicher Arbeiten eingef\u00fchrt. Die Sch\u00fcler werden bef\u00e4higt, eigene Fragestellungen in den Bereichen der Kirchen- und Missionsgeschichte sowie des Alten und Neuen Testaments zu erarbeiten. Der Fokus liegt auf den Inhalten des gew\u00e4hlten Bildungsgangs. Ethik, Kirchengeschichte und Weltreligionen erweitern den Horizont. Alle Abschlussarbeiten werden unter der kompetenten Begleitung einer qualifizierten Fachlehrkraft erarbeitet.<\/p>\n\t\t\t\t<img loading=\"lazy\" decoding=\"async\" src=\"https:\/\/www.istl.net\/wp-content\/uploads\/2024\/02\/bildauswahl-quadro8.jpg\" alt=\"Bildauswahl-Quadro8\" itemprop=\"image\" height=\"1000\" width=\"1000\" title=\"Bildauswahl-Quadro8\" onerror=\"this.style.display='none'\"  \/>\n\t\t\t\t<img loading=\"lazy\" decoding=\"async\" src=\"https:\/\/www.istl.net\/wp-content\/uploads\/2024\/02\/bildauswahl-quadro20.jpg\" alt=\"Bildauswahl-Quadro20\" itemprop=\"image\" height=\"1000\" width=\"1000\" title=\"Bildauswahl-Quadro20\" onerror=\"this.style.display='none'\"  \/>\n\t\t\t<h2>Facts<\/h2>\t\t\t\n<ul>\n<li>Schuljahr: September bis August<\/li>\n<li>Wochenstruktur: Zwei Pr\u00e4senztage im Schulzentrum (Mo und Di), <br \/>in der Praxisausbildung ist die Lernzeit integriert: Mi bis Fr (Sa\/So)<\/li>\n<li>F\u00e4cher: Blockkurse<\/li>\n<li>Sommerpause: Juli &amp; August<\/li>\n<li>Dauer Bildungsgang: 4 Jahre\u00a0<\/li>\n<\/ul>\n<ul>\n<li>Europ\u00e4isch Akkreditierte Abschl\u00fcsse: M\u00f6glichkeiten f\u00fcr Weiterbildung<\/li>\n<li>ISTL orientiert sich am Bologna Standard<\/li>\n<li><a href=\"https:\/\/www.istl.net\/wp-content\/uploads\/2025\/01\/grundinformationen-zu-istl-karlsruhe-de.pdf\">Grundinformationen<\/a> f\u00fcr Karlsruhe<\/li>\n<li><a href=\"https:\/\/www.istl.net\/wp-content\/uploads\/2025\/01\/grundinformationen-zu-istl-dresden-de.pdf\">Grundinformationen<\/a> f\u00fcr Dresden<\/li>\n<\/ul>\n\u00a0\n\t\t\t<h2>Kosten<\/h2>\t\t\t\n\t\t\t\t<p>Alle Informationen zu den Kosten f\u00fcr den Bildungsgang Theologie sind hier ersichtlich:<\/p>\n\t\t\t<a href=\"https:\/\/www.istl.net\/studienangebote\/bachelor-of-theology-bth-kosten\/\" title=\"Hier klicken\" target=\"_blank\" rel=\"noopener\"  role=\"button\" aria-label=\"Kosten\">\n\t\t\t\t\t\t\tKosten\n\t\t<\/a>\n\t\t\t\t<img loading=\"lazy\" decoding=\"async\" src=\"https:\/\/www.istl.net\/wp-content\/uploads\/2022\/10\/52436951648_44551fc066_k-e1669294132550-1000x1000.jpg\" alt=\"52436951648 44551fc066 k\" itemprop=\"image\" height=\"1000\" width=\"1000\" title=\"52436951648_44551fc066_k\" onerror=\"this.style.display='none'\"  \/>\n\t\t\t<h2>Jetzt anmelden!<\/h2>\t\t\t\n\t\t\t\t<p>Hier kannst du dich zum Schnuppern oder f\u00fcr die Ausbildung anmelden.<\/p>\n\t\t\t<a href=\"https:\/\/www.istl.net\/de\/anmelden-schnuppern\/\" title=\"Hier klicken\" target=\"_self\"   role=\"button\" aria-label=\"Schnuppern\">\n\t\t\t\t\t\t\tSchnuppern\n\t\t<\/a>\n\t\t\t<a href=\"https:\/\/www.istl.net\/de\/anmelden-studium\/\" title=\"Hier klicken\" target=\"_self\"   role=\"button\" aria-label=\"Ausbildung\">\n\t\t\t\t\t\t\tAusbildung\n\t\t<\/a>\n\n","protected":false},"excerpt":{"rendered":"<p>Bildungsgang Theologie Der Bildungsgang f\u00fcr Akademiker. F\u00fcr dich und deinen Grips.\u00a0 Zur\u00fcck Was und warum? Der Bildungsgang Theologie ist eine vertiefte Theologieausbildung. Hier werden deine intellektuellen F\u00e4higkeiten herausgefordert. Du erwirbst vertieftes Wissen durch die Arbeit an Forschungsprojekten. Dieser Ausbildungsgang bildet Leiter aus, die mit einer hohen theologischen Kompetenz in einem vollzeitlichen Dienst in einer Gemeinde, [&hellip;]<\/p>\n","protected":false},"author":2,"featured_media":0,"parent":8326,"menu_order":0,"comment_status":"closed","ping_status":"closed","template":"","meta":{"_acf_changed":false,"_seopress_robots_primary_cat":"","_seopress_titles_title":"ISTL \u2013 Bachelor of Theology BTh \u2013 Das Studium f\u00fcr Akademiker","_seopress_titles_desc":"Der Bachelor of Theology (BTh) ist dein Theologiestudium, wenn du eine akademische Laufbahn anpeilst. Dieser Studiengang bildet Leiter aus, die mit einer hohen theologischen Kompetenz einen vollzeitlichen Dienst in einer Gemeinde, Werk oder Gr\u00fcndung gestalten wollen.","_seopress_robots_index":"","site-sidebar-layout":"no-sidebar","site-content-layout":"page-builder","ast-site-content-layout":"full-width-container","site-content-style":"unboxed","site-sidebar-style":"unboxed","ast-global-header-display":"","ast-banner-title-visibility":"","ast-main-header-display":"","ast-hfb-above-header-display":"","ast-hfb-below-header-display":"","ast-hfb-mobile-header-display":"","site-post-title":"disabled","ast-breadcrumbs-content":"","ast-featured-img":"disabled","footer-sml-layout":"","ast-disable-related-posts":"","theme-transparent-header-meta":"default","adv-header-id-meta":"","stick-header-meta":"default","header-above-stick-meta":"","header-main-stick-meta":"","header-below-stick-meta":"","astra-migrate-meta-layouts":"set","ast-page-background-enabled":"default","ast-page-background-meta":{"desktop":{"background-color":"","background-image":"","background-repeat":"repeat","background-position":"center center","background-size":"auto","background-attachment":"scroll","background-type":"","background-media":"","overlay-type":"","overlay-color":"","overlay-opacity":"","overlay-gradient":""},"tablet":{"background-color":"","background-image":"","background-repeat":"repeat","background-position":"center center","background-size":"auto","background-attachment":"scroll","background-type":"","background-media":"","overlay-type":"","overlay-color":"","overlay-opacity":"","overlay-gradient":""},"mobile":{"background-color":"","background-image":"","background-repeat":"repeat","background-position":"center center","background-size":"auto","background-attachment":"scroll","background-type":"","background-media":"","overlay-type":"","overlay-color":"","overlay-opacity":"","overlay-gradient":""}},"ast-content-background-meta":{"desktop":{"background-color":"var(--ast-global-color-5)","background-image":"","background-repeat":"repeat","background-position":"center center","background-size":"auto","background-attachment":"scroll","background-type":"","background-media":"","overlay-type":"","overlay-color":"","overlay-opacity":"","overlay-gradient":""},"tablet":{"background-color":"var(--ast-global-color-5)","background-image":"","background-repeat":"repeat","background-position":"center center","background-size":"auto","background-attachment":"scroll","background-type":"","background-media":"","overlay-type":"","overlay-color":"","overlay-opacity":"","overlay-gradient":""},"mobile":{"background-color":"var(--ast-global-color-5)","background-image":"","background-repeat":"repeat","background-position":"center center","background-size":"auto","background-attachment":"scroll","background-type":"","background-media":"","overlay-type":"","overlay-color":"","overlay-opacity":"","overlay-gradient":""}},"_links_to":"","_links_to_type":0,"iawp_total_views":1598,"footnotes":""},"class_list":["post-10956","page","type-page","status-publish","hentry"],"acf":[],"publishpress_future_action":{"enabled":false,"date":"2026-04-26 06:21:42","action":"change-status","newStatus":"draft","terms":[],"taxonomy":"translation_priority","extraData":[]},"publishpress_future_workflow_manual_trigger":{"enabledWorkflows":[]},"_links":{"self":[{"href":"https:\/\/www.istl.net\/de\/wp-json\/wp\/v2\/pages\/10956","targetHints":{"allow":["GET"]}}],"collection":[{"href":"https:\/\/www.istl.net\/de\/wp-json\/wp\/v2\/pages"}],"about":[{"href":"https:\/\/www.istl.net\/de\/wp-json\/wp\/v2\/types\/page"}],"author":[{"embeddable":true,"href":"https:\/\/www.istl.net\/de\/wp-json\/wp\/v2\/users\/2"}],"replies":[{"embeddable":true,"href":"https:\/\/www.istl.net\/de\/wp-json\/wp\/v2\/comments?post=10956"}],"version-history":[{"count":21,"href":"https:\/\/www.istl.net\/de\/wp-json\/wp\/v2\/pages\/10956\/revisions"}],"predecessor-version":[{"id":14224,"href":"https:\/\/www.istl.net\/de\/wp-json\/wp\/v2\/pages\/10956\/revisions\/14224"}],"up":[{"embeddable":true,"href":"https:\/\/www.istl.net\/de\/wp-json\/wp\/v2\/pages\/8326"}],"wp:attachment":[{"href":"https:\/\/www.istl.net\/de\/wp-json\/wp\/v2\/media?parent=10956"}],"curies":[{"name":"wp","href":"https:\/\/api.w.org\/{rel}","templated":true}]}}