{"id":12381,"date":"2019-07-22T15:13:39","date_gmt":"2019-07-22T13:13:39","guid":{"rendered":"https:\/\/www.istl.net\/impressum\/"},"modified":"2024-03-09T10:16:39","modified_gmt":"2024-03-09T09:16:39","slug":"impressum","status":"publish","type":"page","link":"https:\/\/www.istl.net\/de\/impressum\/","title":{"rendered":"Impressum"},"content":{"rendered":"\n\n\t\t\t<h1>Impressum<\/h1>\t\t\t\n\t\t\t<h3>Kontaktadresse<\/h3>\t\t\t\n<p>ISTL International<br \/>Regensbergstrasse 242a<br \/>8050 Z\u00fcrich<br \/>Schweiz<\/p>\n\t\t\t<h3>Handelsregistereintrag<\/h3>\t\t\t\n<p>Eingetragener Firmenname: Verein ISTL<br \/>Nummer: CHE-390.699.668<br \/>Handelsregisteramt: Z\u00fcrich<\/p>\n\t\t\t<h3>Realisation Webdesign<\/h3>\t\t\t\n\t\t\t\t<p>flink think GmbH, Webdesign &amp; Online Marketing<br \/>Diese Website wurde durch <a href=\"https:\/\/www.flinkthink.ch\" target=\"_blank\" rel=\"noopener\" data-slimstat=\"5\">flinkthink.ch<\/a> realisiert. Wir machen <a href=\"https:\/\/www.flinkthink.ch\/webdesign-schweiz\/\" target=\"_blank\" rel=\"noopener\" data-slimstat=\"5\">Webdesign aus der Schweiz<\/a> und sind auch eine <a href=\"https:\/\/www.flinkthink.ch\/seo-agentur-basel\/\" target=\"_blank\" rel=\"noopener\">SEO-Agentur<\/a>. Die Agentur f\u00fcr WordPress-Projekte und Online Marketing.<\/p>\n\t\t\t<h3>Copyright<\/h3>\t\t\t\n\t\t\t\tDas Copyright f\u00fcr s\u00e4mtliche Inhalte dieser Website liegt bei ISTL.\n\t\t\t<h3>Disclaimer<\/h3>\t\t\t\n\t\t\t\tAlle Texte und Links wurden sorgf\u00e4ltig gepr\u00fcft und werden laufend aktualisiert. Wir sind bem\u00fcht, richtige und vollst\u00e4ndige Informationen auf dieser Website bereitzustellen, \u00fcbernehmen aber keinerlei Verantwortung, Garantien oder Haftung daf\u00fcr, dass die durch diese Website bereitgestellten Informationen, einschliesslich jeglicher Datenbankeintr\u00e4ge, richtig, vollst\u00e4ndig oder aktuell sind. Wir behalten uns das Recht vor, jederzeit und ohne Vorank\u00fcndigung die Informationen auf dieser Website zu \u00e4ndern und verpflichten uns auch nicht, die enthaltenen Informationen zu aktualisieren. Alle Links zu externen Anbietern wurden zum Zeitpunkt ihrer Aufnahme auf ihre Richtigkeit \u00fcberpr\u00fcft. Dennoch haften wir nicht f\u00fcr Inhalte und Verf\u00fcgbarkeit von Websites, die mittels Hyperlinks zu erreichen sind. F\u00fcr illegale, fehlerhafte oder unvollst\u00e4ndige Inhalte und insbesondere f\u00fcr Sch\u00e4den, die durch die ungepr\u00fcfte Nutzung von Inhalten verkn\u00fcpfter Seiten entstehen, haftet allein der Anbieter der Seite, auf welche verwiesen wurde. Dabei ist es gleichg\u00fcltig, ob der Schaden direkter, indirekter oder finanzieller Natur ist oder ein sonstiger Schaden vorliegt, der sich aus Datenverlust, Nutzungsausfall oder anderen Gr\u00fcnden aller Art ergeben k\u00f6nnte.\n\n","protected":false},"excerpt":{"rendered":"<p>Impressum Kontaktadresse ISTL InternationalRegensbergstrasse 242a8050 Z\u00fcrichSchweiz Handelsregistereintrag Eingetragener Firmenname: Verein ISTLNummer: CHE-390.699.668Handelsregisteramt: Z\u00fcrich Realisation Webdesign flink think GmbH, Webdesign &amp; Online MarketingDiese Website wurde durch flinkthink.ch realisiert. Wir machen Webdesign aus der Schweiz und sind auch eine SEO-Agentur. Die Agentur f\u00fcr WordPress-Projekte und Online Marketing. Copyright Das Copyright f\u00fcr s\u00e4mtliche Inhalte dieser Website liegt bei [&hellip;]<\/p>\n","protected":false},"author":1,"featured_media":0,"parent":0,"menu_order":0,"comment_status":"closed","ping_status":"closed","template":"","meta":{"_acf_changed":false,"_seopress_robots_primary_cat":"","_seopress_titles_title":"","_seopress_titles_desc":"","_seopress_robots_index":"","site-sidebar-layout":"no-sidebar","site-content-layout":"page-builder","ast-site-content-layout":"full-width-container","site-content-style":"unboxed","site-sidebar-style":"unboxed","ast-global-header-display":"","ast-banner-title-visibility":"","ast-main-header-display":"","ast-hfb-above-header-display":"","ast-hfb-below-header-display":"","ast-hfb-mobile-header-display":"","site-post-title":"disabled","ast-breadcrumbs-content":"","ast-featured-img":"disabled","footer-sml-layout":"","ast-disable-related-posts":"","theme-transparent-header-meta":"default","adv-header-id-meta":"","stick-header-meta":"default","header-above-stick-meta":"","header-main-stick-meta":"","header-below-stick-meta":"","astra-migrate-meta-layouts":"set","ast-page-background-enabled":"default","ast-page-background-meta":{"desktop":{"background-color":"","background-image":"","background-repeat":"repeat","background-position":"center center","background-size":"auto","background-attachment":"scroll","background-type":"","background-media":"","overlay-type":"","overlay-color":"","overlay-opacity":"","overlay-gradient":""},"tablet":{"background-color":"","background-image":"","background-repeat":"repeat","background-position":"center center","background-size":"auto","background-attachment":"scroll","background-type":"","background-media":"","overlay-type":"","overlay-color":"","overlay-opacity":"","overlay-gradient":""},"mobile":{"background-color":"","background-image":"","background-repeat":"repeat","background-position":"center center","background-size":"auto","background-attachment":"scroll","background-type":"","background-media":"","overlay-type":"","overlay-color":"","overlay-opacity":"","overlay-gradient":""}},"ast-content-background-meta":{"desktop":{"background-color":"var(--ast-global-color-5)","background-image":"","background-repeat":"repeat","background-position":"center center","background-size":"auto","background-attachment":"scroll","background-type":"","background-media":"","overlay-type":"","overlay-color":"","overlay-opacity":"","overlay-gradient":""},"tablet":{"background-color":"var(--ast-global-color-5)","background-image":"","background-repeat":"repeat","background-position":"center center","background-size":"auto","background-attachment":"scroll","background-type":"","background-media":"","overlay-type":"","overlay-color":"","overlay-opacity":"","overlay-gradient":""},"mobile":{"background-color":"var(--ast-global-color-5)","background-image":"","background-repeat":"repeat","background-position":"center center","background-size":"auto","background-attachment":"scroll","background-type":"","background-media":"","overlay-type":"","overlay-color":"","overlay-opacity":"","overlay-gradient":""}},"_links_to":"","_links_to_type":0,"iawp_total_views":402,"footnotes":""},"class_list":["post-12381","page","type-page","status-publish","hentry"],"acf":[],"publishpress_future_action":{"enabled":false,"date":"2026-04-26 04:53:46","action":"change-status","newStatus":"draft","terms":[],"taxonomy":"translation_priority","extraData":[]},"publishpress_future_workflow_manual_trigger":{"enabledWorkflows":[]},"_links":{"self":[{"href":"https:\/\/www.istl.net\/de\/wp-json\/wp\/v2\/pages\/12381","targetHints":{"allow":["GET"]}}],"collection":[{"href":"https:\/\/www.istl.net\/de\/wp-json\/wp\/v2\/pages"}],"about":[{"href":"https:\/\/www.istl.net\/de\/wp-json\/wp\/v2\/types\/page"}],"author":[{"embeddable":true,"href":"https:\/\/www.istl.net\/de\/wp-json\/wp\/v2\/users\/1"}],"replies":[{"embeddable":true,"href":"https:\/\/www.istl.net\/de\/wp-json\/wp\/v2\/comments?post=12381"}],"version-history":[{"count":3,"href":"https:\/\/www.istl.net\/de\/wp-json\/wp\/v2\/pages\/12381\/revisions"}],"predecessor-version":[{"id":12713,"href":"https:\/\/www.istl.net\/de\/wp-json\/wp\/v2\/pages\/12381\/revisions\/12713"}],"wp:attachment":[{"href":"https:\/\/www.istl.net\/de\/wp-json\/wp\/v2\/media?parent=12381"}],"curies":[{"name":"wp","href":"https:\/\/api.w.org\/{rel}","templated":true}]}}