{"id":13444,"date":"2024-07-16T14:33:09","date_gmt":"2024-07-16T12:33:09","guid":{"rendered":"https:\/\/www.istl.net\/?page_id=13444"},"modified":"2025-09-25T11:42:01","modified_gmt":"2025-09-25T09:42:01","slug":"spenden-de","status":"publish","type":"page","link":"https:\/\/www.istl.net\/de\/spenden-de\/","title":{"rendered":"Spenden NEU"},"content":{"rendered":"\n\n\t\t\t<h1>Spenden<\/h1>\t\t\t\n\t\t\t<h3>Jede Spende z\u00e4hlt!<\/h3>\t\t\t\n\t\t\t\t<p>Die Ausbildung junger Leiter ist eine der nachhaltigsten Investitionen, die wir t\u00e4tigen k\u00f6nnen. Junge M\u00e4nner und Frauen werden f\u00fcr einen langfristigen Dienst bef\u00e4higt. Zudem werden auch die Leben unz\u00e4hliger anderer Menschen ber\u00fchrt, die von ihrem Dienst positiv beeinflusst werden.<\/p>\n<p>Wir brauchen Unterstu\u0308tzung, um diesen wichtigen Dienst fortzusetzen. Die Studiengeb\u00fchren reichen nicht aus, um unsere Bildungsarbeit zu finanzieren. ISTL erh\u00e4lt keinerlei Unterst\u00fctzungszusch\u00fcsse von staatlichen Stellen oder Landeskirchen. Daher sind wir auf die grossz\u00fcgige Unterst\u00fctzung von Spendern, Freunden und Partnern angewiesen.<\/p>\n<p>Jede Spende tr\u00e4gt dazu bei, die Arbeit von ISTL weiterzuf\u00fchren, Stipendien f\u00fcr Studenten bereitzustellen, und viele weitere Studierende auszubilden. Zudem erm\u00f6glicht es, weitere Studienzentren im deutschen Sprachraum aufzubauen.<\/p>\n<p>Ihre grossz\u00fcgige Spende ist nicht nur eine Investition in die Zukunft der Kirche, sondern auch in die Zukunft unserer Welt. Herzlichen Dank!<\/p>\n\t\t\t\t<img loading=\"lazy\" decoding=\"async\" src=\"https:\/\/www.istl.net\/wp-content\/uploads\/2024\/02\/bildauswahl-quadro16-600x600.jpg\" alt=\"Bildauswahl-Quadro16\" itemprop=\"image\" height=\"600\" width=\"600\" title=\"Bildauswahl-Quadro16\" onerror=\"this.style.display='none'\"  \/>\n\t\t\t\t<p>Jetzt ISTL boosten!<\/p>\n\t\t\t\t\n\t\t\t\t<img loading=\"lazy\" decoding=\"async\" src=\"https:\/\/www.istl.net\/wp-content\/uploads\/2024\/07\/bank_240716_eln-1-430x300.jpg\" alt=\"Bank_240716_ELN\" itemprop=\"image\" height=\"300\" width=\"430\" title=\"Bank_240716_ELN\" onerror=\"this.style.display='none'\"  \/>\n\t\t\t<h3>Bank<\/h3>\t\t\t\n\t\t\t\t<p>Spende einmalig oder wiederkehrend (Dauerauftrag) per Bank\u00fcberweisung. Hier findest du alle Informationen und Kontoangaben, die du daf\u00fcr ben\u00f6tigst.<\/p>\n\t\t\t<a href=\"https:\/\/www.istl.net\/de\/spendenbank\/\" target=\"_self\">\n\t\t\t\t\t\t\tBank\n\t\t\t\t\t<\/a>\n\t\t\t\t<img loading=\"lazy\" decoding=\"async\" src=\"https:\/\/www.istl.net\/wp-content\/uploads\/2024\/07\/kreditkarte_240716_eln-1-430x300.jpg\" alt=\"Kreditkarte_240716_ELN\" itemprop=\"image\" height=\"300\" width=\"430\" title=\"Kreditkarte_240716_ELN\" onerror=\"this.style.display='none'\"  \/>\n\t\t\t<h3>Online\/Kreditkarte<\/h3>\t\t\t\n\t\t\t\t<p>Du kannst hier online oder mit deiner Kreditkarte einen Betrag spenden.<\/p>\n\t\t\t<a href=\"https:\/\/www.paypal.com\/donate\/?hosted_button_id=LTGKQVU26MG96\" target=\"_blank\" rel=\"noopener\">\n\t\t\t\t\t\t\tOnline\/Kreditkarte\n\t\t\t\t\t<\/a>\n\t\t\t\t<img loading=\"lazy\" decoding=\"async\" src=\"https:\/\/www.istl.net\/wp-content\/uploads\/2024\/07\/paypal_schwarz_240716_eln-3-430x300.jpg\" alt=\"paypal schwarz 240716 eln\" itemprop=\"image\" height=\"300\" width=\"430\" title=\"Paypal_schwarz_240716_ELN\" onerror=\"this.style.display='none'\"  \/>\n\t\t\t<h3>PayPal<\/h3>\t\t\t\n\t\t\t\t<p>Sende uns deine Spende mit deinem Smartphone per PayPal.<\/p>\n\t\t\t<a href=\"https:\/\/www.paypal.com\/donate\/?hosted_button_id=LTGKQVU26MG96\" target=\"_blank\" rel=\"noopener\">\n\t\t\t\t\t\t\tPayPal\n\t\t\t\t\t<\/a>\n\t\t\t\t<img loading=\"lazy\" decoding=\"async\" src=\"https:\/\/www.istl.net\/wp-content\/uploads\/2024\/07\/testament_240716_eln-1-430x300.jpg\" alt=\"Testament_240716_ELN\" itemprop=\"image\" height=\"300\" width=\"430\" title=\"Testament_240716_ELN\" onerror=\"this.style.display='none'\"  \/>\n\t\t\t<h3>Erbschaft und Legat<\/h3>\t\t\t\n\t\t\t\t<p>Durch die Ber\u00fccksichtigung im Testament kannst du \u00fcber dein Leben hinaus Gottes Reich weiterbauen.<\/p>\n\t\t\t<a href=\"https:\/\/www.istl.net\/das-ist-istl\/erbschaftlegat\/\" target=\"_blank\" rel=\"noopener\">\n\t\t\t\t\t\t\tErbschaft und Legat\n\t\t\t\t\t<\/a>\n\t\t\t\t<p>Danke von Herzen!<\/p>\n\t\t\t\t\n\n","protected":false},"excerpt":{"rendered":"<p>Spenden Jede Spende z\u00e4hlt! Die Ausbildung junger Leiter ist eine der nachhaltigsten Investitionen, die wir t\u00e4tigen k\u00f6nnen. Junge M\u00e4nner und Frauen werden f\u00fcr einen langfristigen Dienst bef\u00e4higt. Zudem werden auch die Leben unz\u00e4hliger anderer Menschen ber\u00fchrt, die von ihrem Dienst positiv beeinflusst werden. Wir brauchen Unterstu\u0308tzung, um diesen wichtigen Dienst fortzusetzen. Die Studiengeb\u00fchren reichen nicht [&hellip;]<\/p>\n","protected":false},"author":26,"featured_media":0,"parent":0,"menu_order":0,"comment_status":"closed","ping_status":"closed","template":"","meta":{"_acf_changed":false,"_seopress_robots_primary_cat":"","_seopress_titles_title":"ISTL boosten - deine Spende z\u00e4hlt!","_seopress_titles_desc":"ISTL boosten - deine Spende z\u00e4hlt!","_seopress_robots_index":"","site-sidebar-layout":"no-sidebar","site-content-layout":"page-builder","ast-site-content-layout":"full-width-container","site-content-style":"unboxed","site-sidebar-style":"unboxed","ast-global-header-display":"","ast-banner-title-visibility":"","ast-main-header-display":"","ast-hfb-above-header-display":"","ast-hfb-below-header-display":"","ast-hfb-mobile-header-display":"","site-post-title":"disabled","ast-breadcrumbs-content":"","ast-featured-img":"disabled","footer-sml-layout":"","ast-disable-related-posts":"","theme-transparent-header-meta":"default","adv-header-id-meta":"","stick-header-meta":"default","header-above-stick-meta":"","header-main-stick-meta":"","header-below-stick-meta":"","astra-migrate-meta-layouts":"set","ast-page-background-enabled":"default","ast-page-background-meta":{"desktop":{"background-color":"","background-image":"","background-repeat":"repeat","background-position":"center center","background-size":"auto","background-attachment":"scroll","background-type":"","background-media":"","overlay-type":"","overlay-color":"","overlay-opacity":"","overlay-gradient":""},"tablet":{"background-color":"","background-image":"","background-repeat":"repeat","background-position":"center center","background-size":"auto","background-attachment":"scroll","background-type":"","background-media":"","overlay-type":"","overlay-color":"","overlay-opacity":"","overlay-gradient":""},"mobile":{"background-color":"","background-image":"","background-repeat":"repeat","background-position":"center center","background-size":"auto","background-attachment":"scroll","background-type":"","background-media":"","overlay-type":"","overlay-color":"","overlay-opacity":"","overlay-gradient":""}},"ast-content-background-meta":{"desktop":{"background-color":"var(--ast-global-color-5)","background-image":"","background-repeat":"repeat","background-position":"center center","background-size":"auto","background-attachment":"scroll","background-type":"","background-media":"","overlay-type":"","overlay-color":"","overlay-opacity":"","overlay-gradient":""},"tablet":{"background-color":"var(--ast-global-color-5)","background-image":"","background-repeat":"repeat","background-position":"center center","background-size":"auto","background-attachment":"scroll","background-type":"","background-media":"","overlay-type":"","overlay-color":"","overlay-opacity":"","overlay-gradient":""},"mobile":{"background-color":"var(--ast-global-color-5)","background-image":"","background-repeat":"repeat","background-position":"center center","background-size":"auto","background-attachment":"scroll","background-type":"","background-media":"","overlay-type":"","overlay-color":"","overlay-opacity":"","overlay-gradient":""}},"_links_to":"","_links_to_type":0,"iawp_total_views":251,"footnotes":""},"class_list":["post-13444","page","type-page","status-publish","hentry"],"acf":[],"publishpress_future_action":{"enabled":false,"date":"2026-04-26 03:26:53","action":"change-status","newStatus":"draft","terms":[],"taxonomy":"translation_priority","extraData":[]},"publishpress_future_workflow_manual_trigger":{"enabledWorkflows":[]},"_links":{"self":[{"href":"https:\/\/www.istl.net\/de\/wp-json\/wp\/v2\/pages\/13444","targetHints":{"allow":["GET"]}}],"collection":[{"href":"https:\/\/www.istl.net\/de\/wp-json\/wp\/v2\/pages"}],"about":[{"href":"https:\/\/www.istl.net\/de\/wp-json\/wp\/v2\/types\/page"}],"author":[{"embeddable":true,"href":"https:\/\/www.istl.net\/de\/wp-json\/wp\/v2\/users\/26"}],"replies":[{"embeddable":true,"href":"https:\/\/www.istl.net\/de\/wp-json\/wp\/v2\/comments?post=13444"}],"version-history":[{"count":13,"href":"https:\/\/www.istl.net\/de\/wp-json\/wp\/v2\/pages\/13444\/revisions"}],"predecessor-version":[{"id":15052,"href":"https:\/\/www.istl.net\/de\/wp-json\/wp\/v2\/pages\/13444\/revisions\/15052"}],"wp:attachment":[{"href":"https:\/\/www.istl.net\/de\/wp-json\/wp\/v2\/media?parent=13444"}],"curies":[{"name":"wp","href":"https:\/\/api.w.org\/{rel}","templated":true}]}}