{"id":15534,"date":"2026-02-05T11:38:32","date_gmt":"2026-02-05T10:38:32","guid":{"rendered":"https:\/\/www.istl.net\/?page_id=15534"},"modified":"2026-04-01T08:43:51","modified_gmt":"2026-04-01T06:43:51","slug":"koenigsmacherwerden","status":"publish","type":"page","link":"https:\/\/www.istl.net\/de\/koenigsmacherwerden\/","title":{"rendered":"1. K\u00f6nigsmacher werden"},"content":{"rendered":"\n\n\t\t\t<h1>1. &#8222;K\u00f6nigsmacher&#8220; werden<\/h1>\t\t\t\n<h2>\n\t\t\tStark &#8211; du hast dich entschieden, &#8222;K\u00f6nigsmacher&#8220; zu werden.\t<\/h2>\n\tDu investierst bewusst in Menschen und tr\u00e4gst dazu bei, dass neue Leiter heranwachsen und Verantwortung \u00fcbernehmen.\nWir begleiten dich gerne mit Klarheit, Werkzeugen und einem starken Netzwerk.<br data-start=\"1127\" data-end=\"1130\" \/>Teile uns kurz mit, wo du stehst &#8211; wir melden uns pers\u00f6nlich bei dir.\n\n","protected":false},"excerpt":{"rendered":"<p>1. &#8222;K\u00f6nigsmacher&#8220; werden Stark &#8211; du hast dich entschieden, &#8222;K\u00f6nigsmacher&#8220; zu werden. Du investierst bewusst in Menschen und tr\u00e4gst dazu bei, dass neue Leiter heranwachsen und Verantwortung \u00fcbernehmen. Wir begleiten dich gerne mit Klarheit, Werkzeugen und einem starken Netzwerk.Teile uns kurz mit, wo du stehst &#8211; wir melden uns pers\u00f6nlich bei dir.<\/p>\n","protected":false},"author":20,"featured_media":0,"parent":0,"menu_order":0,"comment_status":"closed","ping_status":"closed","template":"","meta":{"_acf_changed":false,"_seopress_robots_primary_cat":"","_seopress_titles_title":"","_seopress_titles_desc":"","_seopress_robots_index":"","site-sidebar-layout":"no-sidebar","site-content-layout":"page-builder","ast-site-content-layout":"full-width-container","site-content-style":"unboxed","site-sidebar-style":"unboxed","ast-global-header-display":"","ast-banner-title-visibility":"","ast-main-header-display":"","ast-hfb-above-header-display":"","ast-hfb-below-header-display":"","ast-hfb-mobile-header-display":"","site-post-title":"disabled","ast-breadcrumbs-content":"","ast-featured-img":"disabled","footer-sml-layout":"","ast-disable-related-posts":"","theme-transparent-header-meta":"default","adv-header-id-meta":"","stick-header-meta":"default","header-above-stick-meta":"","header-main-stick-meta":"","header-below-stick-meta":"","astra-migrate-meta-layouts":"set","ast-page-background-enabled":"default","ast-page-background-meta":{"desktop":{"background-color":"","background-image":"","background-repeat":"repeat","background-position":"center center","background-size":"auto","background-attachment":"scroll","background-type":"","background-media":"","overlay-type":"","overlay-color":"","overlay-opacity":"","overlay-gradient":""},"tablet":{"background-color":"","background-image":"","background-repeat":"repeat","background-position":"center center","background-size":"auto","background-attachment":"scroll","background-type":"","background-media":"","overlay-type":"","overlay-color":"","overlay-opacity":"","overlay-gradient":""},"mobile":{"background-color":"","background-image":"","background-repeat":"repeat","background-position":"center center","background-size":"auto","background-attachment":"scroll","background-type":"","background-media":"","overlay-type":"","overlay-color":"","overlay-opacity":"","overlay-gradient":""}},"ast-content-background-meta":{"desktop":{"background-color":"var(--ast-global-color-5)","background-image":"","background-repeat":"repeat","background-position":"center center","background-size":"auto","background-attachment":"scroll","background-type":"","background-media":"","overlay-type":"","overlay-color":"","overlay-opacity":"","overlay-gradient":""},"tablet":{"background-color":"var(--ast-global-color-5)","background-image":"","background-repeat":"repeat","background-position":"center center","background-size":"auto","background-attachment":"scroll","background-type":"","background-media":"","overlay-type":"","overlay-color":"","overlay-opacity":"","overlay-gradient":""},"mobile":{"background-color":"var(--ast-global-color-5)","background-image":"","background-repeat":"repeat","background-position":"center center","background-size":"auto","background-attachment":"scroll","background-type":"","background-media":"","overlay-type":"","overlay-color":"","overlay-opacity":"","overlay-gradient":""}},"_links_to":"","_links_to_type":0,"iawp_total_views":28,"footnotes":""},"class_list":["post-15534","page","type-page","status-publish","hentry"],"acf":[],"publishpress_future_action":{"enabled":false,"date":"2026-04-24 18:27:26","action":"change-status","newStatus":"draft","terms":[],"taxonomy":"translation_priority","extraData":[]},"publishpress_future_workflow_manual_trigger":{"enabledWorkflows":[]},"_links":{"self":[{"href":"https:\/\/www.istl.net\/de\/wp-json\/wp\/v2\/pages\/15534","targetHints":{"allow":["GET"]}}],"collection":[{"href":"https:\/\/www.istl.net\/de\/wp-json\/wp\/v2\/pages"}],"about":[{"href":"https:\/\/www.istl.net\/de\/wp-json\/wp\/v2\/types\/page"}],"author":[{"embeddable":true,"href":"https:\/\/www.istl.net\/de\/wp-json\/wp\/v2\/users\/20"}],"replies":[{"embeddable":true,"href":"https:\/\/www.istl.net\/de\/wp-json\/wp\/v2\/comments?post=15534"}],"version-history":[{"count":4,"href":"https:\/\/www.istl.net\/de\/wp-json\/wp\/v2\/pages\/15534\/revisions"}],"predecessor-version":[{"id":15693,"href":"https:\/\/www.istl.net\/de\/wp-json\/wp\/v2\/pages\/15534\/revisions\/15693"}],"wp:attachment":[{"href":"https:\/\/www.istl.net\/de\/wp-json\/wp\/v2\/media?parent=15534"}],"curies":[{"name":"wp","href":"https:\/\/api.w.org\/{rel}","templated":true}]}}