{"id":15545,"date":"2026-02-05T11:53:15","date_gmt":"2026-02-05T10:53:15","guid":{"rendered":"https:\/\/www.istl.net\/?page_id=15545"},"modified":"2026-02-05T11:53:15","modified_gmt":"2026-02-05T10:53:15","slug":"nachwuchsleiterausbilden","status":"publish","type":"page","link":"https:\/\/www.istl.net\/de\/nachwuchsleiterausbilden\/","title":{"rendered":"3. Einen Nachwuchs-Leiter ausbilden"},"content":{"rendered":"\n\n\t\t\t<h1>3. Einen Nachwuchs-Leiter ausbilden<\/h1>\t\t\t\n<h2>\n\t\t\tSuper, dass du junge Menschen aus eurer Gemeinde f\u00f6rdern und gezielt ausbilden willst.\t<\/h2>\n\tGenau so entsteht nachhaltige Leiterschaft &#8211; durch N\u00e4he, Vertrauen und bewusste Begleitung.\nGerne unterst\u00fctzen wir euch dabei, die n\u00e4chsten Schritte zu kl\u00e4ren und einen tragf\u00e4higen Ausbildungsweg zu gestalten.<br data-start=\"650\" data-end=\"653\" \/>Beschreibe uns kurz eure Situation und eure Fragen &#8211; wir melden uns pers\u00f6nlich und begleiten euch gerne.\n\n","protected":false},"excerpt":{"rendered":"<p>3. Einen Nachwuchs-Leiter ausbilden Super, dass du junge Menschen aus eurer Gemeinde f\u00f6rdern und gezielt ausbilden willst. Genau so entsteht nachhaltige Leiterschaft &#8211; durch N\u00e4he, Vertrauen und bewusste Begleitung. Gerne unterst\u00fctzen wir euch dabei, die n\u00e4chsten Schritte zu kl\u00e4ren und einen tragf\u00e4higen Ausbildungsweg zu gestalten.Beschreibe uns kurz eure Situation und eure Fragen &#8211; wir melden [&hellip;]<\/p>\n","protected":false},"author":20,"featured_media":0,"parent":0,"menu_order":0,"comment_status":"closed","ping_status":"closed","template":"","meta":{"_acf_changed":false,"_seopress_robots_primary_cat":"","_seopress_titles_title":"","_seopress_titles_desc":"","_seopress_robots_index":"","site-sidebar-layout":"no-sidebar","site-content-layout":"page-builder","ast-site-content-layout":"full-width-container","site-content-style":"unboxed","site-sidebar-style":"unboxed","ast-global-header-display":"","ast-banner-title-visibility":"","ast-main-header-display":"","ast-hfb-above-header-display":"","ast-hfb-below-header-display":"","ast-hfb-mobile-header-display":"","site-post-title":"disabled","ast-breadcrumbs-content":"","ast-featured-img":"disabled","footer-sml-layout":"","ast-disable-related-posts":"","theme-transparent-header-meta":"default","adv-header-id-meta":"","stick-header-meta":"default","header-above-stick-meta":"","header-main-stick-meta":"","header-below-stick-meta":"","astra-migrate-meta-layouts":"set","ast-page-background-enabled":"default","ast-page-background-meta":{"desktop":{"background-color":"","background-image":"","background-repeat":"repeat","background-position":"center center","background-size":"auto","background-attachment":"scroll","background-type":"","background-media":"","overlay-type":"","overlay-color":"","overlay-opacity":"","overlay-gradient":""},"tablet":{"background-color":"","background-image":"","background-repeat":"repeat","background-position":"center center","background-size":"auto","background-attachment":"scroll","background-type":"","background-media":"","overlay-type":"","overlay-color":"","overlay-opacity":"","overlay-gradient":""},"mobile":{"background-color":"","background-image":"","background-repeat":"repeat","background-position":"center center","background-size":"auto","background-attachment":"scroll","background-type":"","background-media":"","overlay-type":"","overlay-color":"","overlay-opacity":"","overlay-gradient":""}},"ast-content-background-meta":{"desktop":{"background-color":"var(--ast-global-color-5)","background-image":"","background-repeat":"repeat","background-position":"center center","background-size":"auto","background-attachment":"scroll","background-type":"","background-media":"","overlay-type":"","overlay-color":"","overlay-opacity":"","overlay-gradient":""},"tablet":{"background-color":"var(--ast-global-color-5)","background-image":"","background-repeat":"repeat","background-position":"center center","background-size":"auto","background-attachment":"scroll","background-type":"","background-media":"","overlay-type":"","overlay-color":"","overlay-opacity":"","overlay-gradient":""},"mobile":{"background-color":"var(--ast-global-color-5)","background-image":"","background-repeat":"repeat","background-position":"center center","background-size":"auto","background-attachment":"scroll","background-type":"","background-media":"","overlay-type":"","overlay-color":"","overlay-opacity":"","overlay-gradient":""}},"_links_to":"","_links_to_type":0,"iawp_total_views":11,"footnotes":""},"class_list":["post-15545","page","type-page","status-publish","hentry"],"acf":[],"publishpress_future_action":{"enabled":false,"date":"2026-04-24 18:29:33","action":"change-status","newStatus":"draft","terms":[],"taxonomy":"translation_priority","extraData":[]},"publishpress_future_workflow_manual_trigger":{"enabledWorkflows":[]},"_links":{"self":[{"href":"https:\/\/www.istl.net\/de\/wp-json\/wp\/v2\/pages\/15545","targetHints":{"allow":["GET"]}}],"collection":[{"href":"https:\/\/www.istl.net\/de\/wp-json\/wp\/v2\/pages"}],"about":[{"href":"https:\/\/www.istl.net\/de\/wp-json\/wp\/v2\/types\/page"}],"author":[{"embeddable":true,"href":"https:\/\/www.istl.net\/de\/wp-json\/wp\/v2\/users\/20"}],"replies":[{"embeddable":true,"href":"https:\/\/www.istl.net\/de\/wp-json\/wp\/v2\/comments?post=15545"}],"version-history":[{"count":2,"href":"https:\/\/www.istl.net\/de\/wp-json\/wp\/v2\/pages\/15545\/revisions"}],"predecessor-version":[{"id":15548,"href":"https:\/\/www.istl.net\/de\/wp-json\/wp\/v2\/pages\/15545\/revisions\/15548"}],"wp:attachment":[{"href":"https:\/\/www.istl.net\/de\/wp-json\/wp\/v2\/media?parent=15545"}],"curies":[{"name":"wp","href":"https:\/\/api.w.org\/{rel}","templated":true}]}}