{"id":6305,"date":"2021-12-22T08:26:45","date_gmt":"2021-12-22T07:26:45","guid":{"rendered":"https:\/\/www.istl.net\/?page_id=6305"},"modified":"2025-10-15T10:54:27","modified_gmt":"2025-10-15T08:54:27","slug":"anmelden-schnuppern","status":"publish","type":"page","link":"https:\/\/www.istl.net\/de\/anmelden-schnuppern\/","title":{"rendered":"Anmelden-Schnuppertag"},"content":{"rendered":"\n\n\t\t\t<h1>Melde dich noch\u00a0 \u00a0 \u00a0 \u00a0 \u00a0 \u00a0 \u00a0 \u00a0 \u00a0 \u00a0 heute an!<\/h1>\t\t\t\n<h2>\n\t\tMelde dich jetzt an f\u00fcr den Schnuppertag!\n\t<\/h2>\n\t<p>Du bist herzlich willkommen in Z\u00fcrich (CH), Thun (CH), Karlsruhe (D), Dresden (D) und Bremen (D). Du kannst vor Ort Pr\u00e4senzunterricht erleben!<\/p>\n<h2>\n\t\tDein Schnuppertag im ISTL\n\t<\/h2>\n\t<ul>\n<li>Erhalte Einblick in den Unterricht<\/li>\n<li>Erlebe unsere Schulkultur<\/li>\n<li>Lerne Studierende pers\u00f6nlich kennen<\/li>\n<li>Stelle deine Fragen an einem pers\u00f6nlichen Ausbildungsgespr\u00e4ch<\/li>\n<\/ul>\n<p>Der Schnuppertag dauert von 8.00 &#8211; 17.00 Uhr.<\/p>\n<p>F\u00fclle das nebenstehende Formular aus. Wir werden uns anschliessend bei dir melden, um deinen Wunschtermin zu best\u00e4tigen.<\/p>\n<p>Bitte beachte: Eine Anmeldung zum Schnuppertag ist jeweils nur bis am <strong>Freitag vor dem Schnuppertag bis 20.00 Uhr<\/strong> m\u00f6glich. Ansonsten w\u00e4hle bitte ein sp\u00e4teres Datum aus. Danke!<\/p>\n\t\t\t\t<img loading=\"lazy\" decoding=\"async\" src=\"https:\/\/www.istl.net\/wp-content\/uploads\/2024\/02\/bildauswahl-quadro22-400x400.jpg\" alt=\"bildauswahl quadro22\" itemprop=\"image\" height=\"400\" width=\"400\" title=\"Bildauswahl-Quadro22\" onerror=\"this.style.display='none'\"  \/>\n\n","protected":false},"excerpt":{"rendered":"<p>Melde dich noch\u00a0 \u00a0 \u00a0 \u00a0 \u00a0 \u00a0 \u00a0 \u00a0 \u00a0 \u00a0 heute an! Melde dich jetzt an f\u00fcr den Schnuppertag! Du bist herzlich willkommen in Z\u00fcrich (CH), Thun (CH), Karlsruhe (D), Dresden (D) und Bremen (D). Du kannst vor Ort Pr\u00e4senzunterricht erleben! Dein Schnuppertag im ISTL Erhalte Einblick in den Unterricht Erlebe unsere Schulkultur [&hellip;]<\/p>\n","protected":false},"author":23,"featured_media":0,"parent":0,"menu_order":0,"comment_status":"closed","ping_status":"closed","template":"","meta":{"_acf_changed":false,"_seopress_robots_primary_cat":"","_seopress_titles_title":"Melde dich f\u00fcr einen ISTL-Schnuppertag mit Einblick in den Unterricht an","_seopress_titles_desc":"Finde das Studium, das zu dir und deinen Lebensumst\u00e4nden passt und lasse dich ausr\u00fcsten f\u00fcr deinen Dienst. Ein Schnuppertag umfasst folgendes: Teilnahme am Unterricht, Kennenlernen von Studierenden, gemeinsames Mittagessen, Ausbildungsgespr\u00e4ch","_seopress_robots_index":"","site-sidebar-layout":"no-sidebar","site-content-layout":"page-builder","ast-site-content-layout":"full-width-container","site-content-style":"unboxed","site-sidebar-style":"unboxed","ast-global-header-display":"","ast-banner-title-visibility":"","ast-main-header-display":"","ast-hfb-above-header-display":"","ast-hfb-below-header-display":"","ast-hfb-mobile-header-display":"","site-post-title":"disabled","ast-breadcrumbs-content":"","ast-featured-img":"disabled","footer-sml-layout":"","ast-disable-related-posts":"","theme-transparent-header-meta":"default","adv-header-id-meta":"","stick-header-meta":"default","header-above-stick-meta":"","header-main-stick-meta":"","header-below-stick-meta":"","astra-migrate-meta-layouts":"set","ast-page-background-enabled":"default","ast-page-background-meta":{"desktop":{"background-color":"","background-image":"","background-repeat":"repeat","background-position":"center center","background-size":"auto","background-attachment":"scroll","background-type":"","background-media":"","overlay-type":"","overlay-color":"","overlay-opacity":"","overlay-gradient":""},"tablet":{"background-color":"","background-image":"","background-repeat":"repeat","background-position":"center center","background-size":"auto","background-attachment":"scroll","background-type":"","background-media":"","overlay-type":"","overlay-color":"","overlay-opacity":"","overlay-gradient":""},"mobile":{"background-color":"","background-image":"","background-repeat":"repeat","background-position":"center center","background-size":"auto","background-attachment":"scroll","background-type":"","background-media":"","overlay-type":"","overlay-color":"","overlay-opacity":"","overlay-gradient":""}},"ast-content-background-meta":{"desktop":{"background-color":"var(--ast-global-color-5)","background-image":"","background-repeat":"repeat","background-position":"center center","background-size":"auto","background-attachment":"scroll","background-type":"","background-media":"","overlay-type":"","overlay-color":"","overlay-opacity":"","overlay-gradient":""},"tablet":{"background-color":"var(--ast-global-color-5)","background-image":"","background-repeat":"repeat","background-position":"center center","background-size":"auto","background-attachment":"scroll","background-type":"","background-media":"","overlay-type":"","overlay-color":"","overlay-opacity":"","overlay-gradient":""},"mobile":{"background-color":"var(--ast-global-color-5)","background-image":"","background-repeat":"repeat","background-position":"center center","background-size":"auto","background-attachment":"scroll","background-type":"","background-media":"","overlay-type":"","overlay-color":"","overlay-opacity":"","overlay-gradient":""}},"_links_to":"","_links_to_type":0,"iawp_total_views":4650,"footnotes":""},"class_list":["post-6305","page","type-page","status-publish","hentry"],"acf":[],"publishpress_future_action":{"enabled":false,"date":"2026-04-26 06:25:21","action":"change-status","newStatus":"draft","terms":[],"taxonomy":"translation_priority","extraData":[]},"publishpress_future_workflow_manual_trigger":{"enabledWorkflows":[]},"_links":{"self":[{"href":"https:\/\/www.istl.net\/de\/wp-json\/wp\/v2\/pages\/6305","targetHints":{"allow":["GET"]}}],"collection":[{"href":"https:\/\/www.istl.net\/de\/wp-json\/wp\/v2\/pages"}],"about":[{"href":"https:\/\/www.istl.net\/de\/wp-json\/wp\/v2\/types\/page"}],"author":[{"embeddable":true,"href":"https:\/\/www.istl.net\/de\/wp-json\/wp\/v2\/users\/23"}],"replies":[{"embeddable":true,"href":"https:\/\/www.istl.net\/de\/wp-json\/wp\/v2\/comments?post=6305"}],"version-history":[{"count":44,"href":"https:\/\/www.istl.net\/de\/wp-json\/wp\/v2\/pages\/6305\/revisions"}],"predecessor-version":[{"id":15108,"href":"https:\/\/www.istl.net\/de\/wp-json\/wp\/v2\/pages\/6305\/revisions\/15108"}],"wp:attachment":[{"href":"https:\/\/www.istl.net\/de\/wp-json\/wp\/v2\/media?parent=6305"}],"curies":[{"name":"wp","href":"https:\/\/api.w.org\/{rel}","templated":true}]}}