{"id":7250,"date":"2022-07-07T16:28:09","date_gmt":"2022-07-07T14:28:09","guid":{"rendered":"https:\/\/www.istl.net\/?page_id=7250"},"modified":"2024-04-11T16:00:53","modified_gmt":"2024-04-11T14:00:53","slug":"anmeldung-mas","status":"publish","type":"page","link":"https:\/\/www.istl.net\/de\/anmeldung-mas\/","title":{"rendered":"Anmelden Formular Seite MAS"},"content":{"rendered":"\n\n\t\t\t<h1>wir freuen<br \/>uns auf dich<\/h1>\t\t\t\n<h2>\n\t\tWenige Klicks von deinem Studium entfernt!\n\t<\/h2>\nDer MAS zeichnet sich durch einen hohen Praxis- und Anwendungsbezug aus. Die Weiterbildung wird individuell auf die Bed\u00fcrfnisse des Studierenden angepasst.\u00a0Der Einstieg ist jederzeit m\u00f6glich. Kurse finden \u00fcber das ganze Jahr verteilt statt.\n<p>Klicke unten auf den Anmeldebutton. Dort\u00a0wirst du Schritt f\u00fcr Schritt durch den Anmeldeprozess gef\u00fchrt.\u00a0Bei Fragen kannst du dich jederzeit bei uns im Office melden.<\/p>\n\t\t\t<a href=\"https:\/\/istl-application.campusweb.cloud\/bewerbung-mas-und-cas.php\" target=\"_blank\" rel=\"noopener\">\n\t\t\t\t\t\tzum Anmeldeformular\n\t\t\t\t\t<\/a>\n\t\t\t\t<img loading=\"lazy\" decoding=\"async\" src=\"https:\/\/www.istl.net\/wp-content\/uploads\/2024\/01\/bildauswahl-quadro-21-1000x1000.jpg\" alt=\"bildauswahl quadro 21\" itemprop=\"image\" height=\"1000\" width=\"1000\" title=\"Bildauswahl-Quadro-21\" onerror=\"this.style.display='none'\"  \/>\n\n","protected":false},"excerpt":{"rendered":"<p>wir freuenuns auf dich Wenige Klicks von deinem Studium entfernt! Der MAS zeichnet sich durch einen hohen Praxis- und Anwendungsbezug aus. Die Weiterbildung wird individuell auf die Bed\u00fcrfnisse des Studierenden angepasst.\u00a0Der Einstieg ist jederzeit m\u00f6glich. Kurse finden \u00fcber das ganze Jahr verteilt statt. Klicke unten auf den Anmeldebutton. Dort\u00a0wirst du Schritt f\u00fcr Schritt durch den [&hellip;]<\/p>\n","protected":false},"author":4,"featured_media":0,"parent":0,"menu_order":0,"comment_status":"closed","ping_status":"closed","template":"","meta":{"_acf_changed":false,"_seopress_robots_primary_cat":"","_seopress_titles_title":"Melde dich f\u00fcr einen MAS Studium an.","_seopress_titles_desc":"Finde das Studium, das zu dir und deinen Lebensumst\u00e4nden passt und lasse dich ausr\u00fcsten f\u00fcr deinen Dienst. Ein Schnuppertag umfasst folgendes: Teilnahme am Unterricht, Kennenlernen von Studierenden, gemeinsames Mittagessen, Ausbildungsgespr\u00e4ch","_seopress_robots_index":"","site-sidebar-layout":"no-sidebar","site-content-layout":"page-builder","ast-site-content-layout":"full-width-container","site-content-style":"unboxed","site-sidebar-style":"unboxed","ast-global-header-display":"","ast-banner-title-visibility":"","ast-main-header-display":"","ast-hfb-above-header-display":"","ast-hfb-below-header-display":"","ast-hfb-mobile-header-display":"","site-post-title":"disabled","ast-breadcrumbs-content":"","ast-featured-img":"disabled","footer-sml-layout":"","ast-disable-related-posts":"","theme-transparent-header-meta":"default","adv-header-id-meta":"","stick-header-meta":"default","header-above-stick-meta":"","header-main-stick-meta":"","header-below-stick-meta":"","astra-migrate-meta-layouts":"set","ast-page-background-enabled":"default","ast-page-background-meta":{"desktop":{"background-color":"","background-image":"","background-repeat":"repeat","background-position":"center center","background-size":"auto","background-attachment":"scroll","background-type":"","background-media":"","overlay-type":"","overlay-color":"","overlay-opacity":"","overlay-gradient":""},"tablet":{"background-color":"","background-image":"","background-repeat":"repeat","background-position":"center center","background-size":"auto","background-attachment":"scroll","background-type":"","background-media":"","overlay-type":"","overlay-color":"","overlay-opacity":"","overlay-gradient":""},"mobile":{"background-color":"","background-image":"","background-repeat":"repeat","background-position":"center center","background-size":"auto","background-attachment":"scroll","background-type":"","background-media":"","overlay-type":"","overlay-color":"","overlay-opacity":"","overlay-gradient":""}},"ast-content-background-meta":{"desktop":{"background-color":"var(--ast-global-color-5)","background-image":"","background-repeat":"repeat","background-position":"center center","background-size":"auto","background-attachment":"scroll","background-type":"","background-media":"","overlay-type":"","overlay-color":"","overlay-opacity":"","overlay-gradient":""},"tablet":{"background-color":"var(--ast-global-color-5)","background-image":"","background-repeat":"repeat","background-position":"center center","background-size":"auto","background-attachment":"scroll","background-type":"","background-media":"","overlay-type":"","overlay-color":"","overlay-opacity":"","overlay-gradient":""},"mobile":{"background-color":"var(--ast-global-color-5)","background-image":"","background-repeat":"repeat","background-position":"center center","background-size":"auto","background-attachment":"scroll","background-type":"","background-media":"","overlay-type":"","overlay-color":"","overlay-opacity":"","overlay-gradient":""}},"_links_to":"","_links_to_type":0,"iawp_total_views":130,"footnotes":""},"class_list":["post-7250","page","type-page","status-publish","hentry"],"acf":[],"publishpress_future_action":{"enabled":false,"date":"2026-04-26 05:00:22","action":"change-status","newStatus":"draft","terms":[],"taxonomy":"translation_priority","extraData":[]},"publishpress_future_workflow_manual_trigger":{"enabledWorkflows":[]},"_links":{"self":[{"href":"https:\/\/www.istl.net\/de\/wp-json\/wp\/v2\/pages\/7250","targetHints":{"allow":["GET"]}}],"collection":[{"href":"https:\/\/www.istl.net\/de\/wp-json\/wp\/v2\/pages"}],"about":[{"href":"https:\/\/www.istl.net\/de\/wp-json\/wp\/v2\/types\/page"}],"author":[{"embeddable":true,"href":"https:\/\/www.istl.net\/de\/wp-json\/wp\/v2\/users\/4"}],"replies":[{"embeddable":true,"href":"https:\/\/www.istl.net\/de\/wp-json\/wp\/v2\/comments?post=7250"}],"version-history":[{"count":12,"href":"https:\/\/www.istl.net\/de\/wp-json\/wp\/v2\/pages\/7250\/revisions"}],"predecessor-version":[{"id":13051,"href":"https:\/\/www.istl.net\/de\/wp-json\/wp\/v2\/pages\/7250\/revisions\/13051"}],"wp:attachment":[{"href":"https:\/\/www.istl.net\/de\/wp-json\/wp\/v2\/media?parent=7250"}],"curies":[{"name":"wp","href":"https:\/\/api.w.org\/{rel}","templated":true}]}}