{"id":8326,"date":"2022-02-17T10:39:04","date_gmt":"2022-02-17T09:39:04","guid":{"rendered":"https:\/\/www.istl.net\/studienangebote\/"},"modified":"2025-12-03T09:18:39","modified_gmt":"2025-12-03T08:18:39","slug":"studienangebote","status":"publish","type":"page","link":"https:\/\/www.istl.net\/de\/studienangebote\/","title":{"rendered":"Studienangebote"},"content":{"rendered":"\n\n\t\t\t<h1>Bildungs<br \/>Angebote<\/h1>\t\t\t\n\t\t\t\t<p>DEUTSCHLAND<\/p>\n\t\t\t\t<p>Die verschiedenen <strong>Bildungsg\u00e4nge<\/strong> dauern ein bis vier Jahre und k\u00f6nnen vollzeitlich oder nebenberuflich belegt werden.<\/p>\n\t<h2>\n\t\t\t\tBildungsg\u00e4nge (Bachelor Level)\n\t\t\t<\/h2>\n        <a href=\"https:\/\/www.istl.net\/de\/studienangebote\/theology\/\" target=\"_self\">Bildungsgang Praktische Theologie*\n            Die praxisintegrierte Ausbildung f\u00fcr Leadership und Gemeindebau\n            <\/a>\n        <a href=\"https:\/\/www.istl.net\/de\/studienangebote\/bth\/\" target=\"_self\">Bildungsgang Theologie*\n            Der Bildungsgang f\u00fcr Akademiker. F\u00fcr dich und deinen Grips.\n            <\/a>\n\t<h2>\n\t\t\t\tWeitere Angebote\n\t\t\t<\/h2>\n        <a href=\"https:\/\/www.istl.net\/de\/studienangebote\/jahresprogramm\/\" target=\"_self\">Jahresprogramm\n            Finde deine Berufung.\n            <\/a>\n        <a href=\"https:\/\/www.istl.net\/de\/studienangebote\/diplomstudium\/\" target=\"_self\">Praxisintegrierte Theologische  Ausbildung\n            ohne akademische Forschungsarbeiten. \n            <\/a>\n        <a href=\"https:\/\/www.istl.net\/de\/studienangebote\/quereinsteiger-programm\/\" target=\"_self\">Quereinsteiger-Programm\n            Der massgeschneiderte Studiengang.\n            <\/a>\n        <a href=\"https:\/\/www.istl.net\/de\/oeffentliche-kurse\/\" target=\"_self\">\u00d6ffentliche Kurse\n            Besuche Kurse als Gasth\u00f6rer oder Quereinsteiger und st\u00e4rke deinen Dienst.\n            <\/a>\n\t\t\t\t<p>Speziell auf Dich zugeschnitten!<\/p>\n\t\t\t\t\t<img decoding=\"async\" src=\"https:\/\/i.ytimg.com\/vi\/MgFSbUuAXPY\/hqdefault.jpg\" alt=\"youtube-video-thumbnail\"\/>\n\t\t\t\t<p>*Die Bildungsg\u00e4nge sind seit 2019 von\u00a0<strong><a href=\"http:\/\/ecte.eu\/\">ECTE<\/a>\u00a0<\/strong>(European Council for Theological Education)\u00a0und seit 2018 von\u00a0<strong><a href=\"https:\/\/www.ichenetwork.org\/\">ICHE<\/a><\/strong>\u00a0(International Council for Higher Education) als\u00a0als alternativer Anbieter hochschulischer Bildung,\u00a0auf EQF Ebene 6 akkreditiert.\u00a0<\/p>\n<p>Im Jahr 2025 erfolgte die institutionelle Re-Akkreditation, sowie die Programmakkreditierung f\u00fcr die folgenden Studienprogramme:\u00a0<\/p>\n<ul>\n<li>Bildungsgang Praktische Theologie<\/li>\n<li>Bildungsgang Theologie<\/li>\n<\/ul>\n<p>Nach erfolgreichem Abschluss, kann nahtlos in unserem MAS Programm weiter studiert werden. Zudem besteht die M\u00f6glichkeit, an einer grossen Zahl von Schulen und Instituten weiterzustudieren. Ein Masterstudium ist z.B. bei der\u00a0<strong><a href=\"https:\/\/www.awm-korntal.eu\/\">AWM Korntal<\/a><\/strong><u>,<\/u>\u00a0bei\u00a0<strong><a href=\"https:\/\/sats.ac.za\/\">SATS,<\/a><\/strong>\u00a0bei\u00a0<strong><a href=\"https:\/\/www.unisa.ac.za\/sites\/corporate\/default\">UNISA<\/a><\/strong>\u00a0oder bei\u00a0<strong><a href=\"https:\/\/www.biola.edu\/\">BIOLA<\/a><\/strong>\u00a0in den USA m\u00f6glich.<\/p>\n\t\t\t\t<p>Die ECTE-Akkreditierung alternativer Anbieter hochschulischer Bildung gibt an, dass die Bildungsangebote von ISTL den Europ\u00e4ischen Standards und Leitlinien f\u00fcr die Hochschulbildung (<a href=\"https:\/\/www.enqa.eu\/esg-standards-and-guidelines-for-quality-assurance-in-the-european-higher-education-area\/\">ESG<\/a>) entsprechen und bescheinigt das Niveau des Lernangebots gem\u00e4\u00df dem <a href=\"https:\/\/www.dqr.de\/dqr\/de\/der-dqr\/dqr-und-eqr\/deutscher-qualifikationsrahmen-dqr-und-eqr.html\">EQR<\/a>.<br \/>Durch die erfolgreiche Re-Akkreditation ist ISTL und ihre Bildungsg\u00e4nge auf dem <a href=\"https:\/\/www.eqar.eu\/qa-results\/search\/by-institution\/institution\/?id=8644\">EQAR<\/a> Register eingetragen.<\/p>\n\t\t\t\t<img decoding=\"async\" src=\"https:\/\/www.istl.net\/wp-content\/uploads\/2022\/10\/52436951648_44551fc066_k-e1669294132550-1000x1000.jpg\" alt=\"52436951648 44551fc066 k\" itemprop=\"image\" height=\"1000\" width=\"1000\" title=\"52436951648_44551fc066_k\" onerror=\"this.style.display='none'\" loading=\"lazy\" \/>\n\t\t\t<h2>Jetzt anmelden!<\/h2>\t\t\t\n\t\t\t\t<p>Hier kannst du dich zum Schnuppern oder f\u00fcr die Ausbildung anmelden.<\/p>\n\t\t\t<a href=\"https:\/\/www.istl.net\/de\/anmelden-schnuppern\/\" title=\"Hier klicken\" target=\"_self\"   role=\"button\" aria-label=\"Schnuppern\">\n\t\t\t\t\t\t\tSchnuppern\n\t\t<\/a>\n\t\t\t<a href=\"https:\/\/www.istl.net\/de\/anmelden-studium\/\" title=\"Hier klicken\" target=\"_self\"   role=\"button\" aria-label=\"Ausbildung\">\n\t\t\t\t\t\t\tAusbildung\n\t\t<\/a>\n\n","protected":false},"excerpt":{"rendered":"<p>BildungsAngebote DEUTSCHLAND Die verschiedenen Bildungsg\u00e4nge dauern ein bis vier Jahre und k\u00f6nnen vollzeitlich oder nebenberuflich belegt werden. Bildungsg\u00e4nge (Bachelor Level) Bildungsgang Praktische Theologie* Die praxisintegrierte Ausbildung f\u00fcr Leadership und Gemeindebau Bildungsgang Theologie* Der Bildungsgang f\u00fcr Akademiker. F\u00fcr dich und deinen Grips. Weitere Angebote Jahresprogramm Finde deine Berufung. Praxisintegrierte Theologische Ausbildung ohne akademische Forschungsarbeiten. Quereinsteiger-Programm Der [&hellip;]<\/p>\n","protected":false},"author":2,"featured_media":0,"parent":0,"menu_order":0,"comment_status":"closed","ping_status":"closed","template":"","meta":{"_acf_changed":false,"_seopress_robots_primary_cat":"","_seopress_titles_title":"Studienangebote \u2013 ISTL \u2013 Duale Studieng\u00e4nge von 1 bis 4 Jahre f\u00fcr jede Berufung","_seopress_titles_desc":"Bachelor und Master in Theologie, Pastoral Leadership, Intercultural Studies, Theologie und Sozialmanagement. Studiere dual in einem dynamischen Umfeld und erhalte eine fundierte Ausbildung. Durch soliden Unterricht, gezieltes Mentoring und die inspirierende Gemeinschaft wird der pers\u00f6nliche Glaube vertieft und die Berufung gefestigt.","_seopress_robots_index":"","site-sidebar-layout":"no-sidebar","site-content-layout":"page-builder","ast-site-content-layout":"full-width-container","site-content-style":"unboxed","site-sidebar-style":"unboxed","ast-global-header-display":"","ast-banner-title-visibility":"","ast-main-header-display":"","ast-hfb-above-header-display":"","ast-hfb-below-header-display":"","ast-hfb-mobile-header-display":"","site-post-title":"disabled","ast-breadcrumbs-content":"","ast-featured-img":"disabled","footer-sml-layout":"","ast-disable-related-posts":"","theme-transparent-header-meta":"default","adv-header-id-meta":"","stick-header-meta":"default","header-above-stick-meta":"","header-main-stick-meta":"","header-below-stick-meta":"","astra-migrate-meta-layouts":"set","ast-page-background-enabled":"default","ast-page-background-meta":{"desktop":{"background-color":"","background-image":"","background-repeat":"repeat","background-position":"center center","background-size":"auto","background-attachment":"scroll","background-type":"","background-media":"","overlay-type":"","overlay-color":"","overlay-opacity":"","overlay-gradient":""},"tablet":{"background-color":"","background-image":"","background-repeat":"repeat","background-position":"center center","background-size":"auto","background-attachment":"scroll","background-type":"","background-media":"","overlay-type":"","overlay-color":"","overlay-opacity":"","overlay-gradient":""},"mobile":{"background-color":"","background-image":"","background-repeat":"repeat","background-position":"center center","background-size":"auto","background-attachment":"scroll","background-type":"","background-media":"","overlay-type":"","overlay-color":"","overlay-opacity":"","overlay-gradient":""}},"ast-content-background-meta":{"desktop":{"background-color":"var(--ast-global-color-5)","background-image":"","background-repeat":"repeat","background-position":"center center","background-size":"auto","background-attachment":"scroll","background-type":"","background-media":"","overlay-type":"","overlay-color":"","overlay-opacity":"","overlay-gradient":""},"tablet":{"background-color":"var(--ast-global-color-5)","background-image":"","background-repeat":"repeat","background-position":"center center","background-size":"auto","background-attachment":"scroll","background-type":"","background-media":"","overlay-type":"","overlay-color":"","overlay-opacity":"","overlay-gradient":""},"mobile":{"background-color":"var(--ast-global-color-5)","background-image":"","background-repeat":"repeat","background-position":"center center","background-size":"auto","background-attachment":"scroll","background-type":"","background-media":"","overlay-type":"","overlay-color":"","overlay-opacity":"","overlay-gradient":""}},"_links_to":"","_links_to_type":0,"iawp_total_views":10386,"footnotes":""},"class_list":["post-8326","page","type-page","status-publish","hentry"],"acf":[],"publishpress_future_action":{"enabled":false,"date":"2026-04-26 06:25:45","action":"change-status","newStatus":"draft","terms":[],"taxonomy":"translation_priority","extraData":[]},"publishpress_future_workflow_manual_trigger":{"enabledWorkflows":[]},"_links":{"self":[{"href":"https:\/\/www.istl.net\/de\/wp-json\/wp\/v2\/pages\/8326","targetHints":{"allow":["GET"]}}],"collection":[{"href":"https:\/\/www.istl.net\/de\/wp-json\/wp\/v2\/pages"}],"about":[{"href":"https:\/\/www.istl.net\/de\/wp-json\/wp\/v2\/types\/page"}],"author":[{"embeddable":true,"href":"https:\/\/www.istl.net\/de\/wp-json\/wp\/v2\/users\/2"}],"replies":[{"embeddable":true,"href":"https:\/\/www.istl.net\/de\/wp-json\/wp\/v2\/comments?post=8326"}],"version-history":[{"count":72,"href":"https:\/\/www.istl.net\/de\/wp-json\/wp\/v2\/pages\/8326\/revisions"}],"predecessor-version":[{"id":15294,"href":"https:\/\/www.istl.net\/de\/wp-json\/wp\/v2\/pages\/8326\/revisions\/15294"}],"wp:attachment":[{"href":"https:\/\/www.istl.net\/de\/wp-json\/wp\/v2\/media?parent=8326"}],"curies":[{"name":"wp","href":"https:\/\/api.w.org\/{rel}","templated":true}]}}