{"id":8423,"date":"2019-08-10T15:46:29","date_gmt":"2019-08-10T13:46:29","guid":{"rendered":"https:\/\/www.istl.net\/studienangebote\/theology\/"},"modified":"2025-04-16T08:56:55","modified_gmt":"2025-04-16T06:56:55","slug":"theology","status":"publish","type":"page","link":"https:\/\/www.istl.net\/de\/studienangebote\/theology\/","title":{"rendered":"BA Theology"},"content":{"rendered":"\n\n\t\t\t<h1>Bildungsgang Praktische Theologie<\/h1>\t\t\t\nDie praxisintegrierte Ausbildung f\u00fcr Leadership und Gemeindebau\n\t\t\t<a href=\"https:\/\/www.istl.net\/de\/studienangebote\/\" target=\"_self\">\n\t\t\t\t\t\t\tZur\u00fcck\n\t\t\t\t\t<\/a>\n\t\t\t\t<img loading=\"lazy\" decoding=\"async\" src=\"https:\/\/www.istl.net\/wp-content\/uploads\/2024\/02\/bildauswahl-quadro14-600x600.jpg\" alt=\"Bildauswahl-Quadro14\" itemprop=\"image\" height=\"600\" width=\"600\" title=\"Bildauswahl-Quadro14\" onerror=\"this.style.display='none'\"  \/>\n\t\t\t<h3>Was und Warum?<\/h3>\t\t\t\n\t\t\t\t<p>Theologisches Arbeiten und Denken ist heute mehr denn je gefragt. In diesem Studiengang erreichst du durch ein vertieftes Studium solide Fachkenntnisse \u00fcber die Bibel und \u00fcber die theologischen Fachgebiete. Du lernst mit Kommentaren, Lexika und historischen Quellen zu arbeiten. Die Einf\u00fchrung in Hebr\u00e4isch und Griechisch unterst\u00fctzt das gr\u00fcndliche Schriftstudium. Zudem erwirbst du die F\u00e4higkeit, das eigene Wissen durch die angeeigneten Methoden und Fertigkeiten selbstst\u00e4ndig weiterzuentwickeln. So wirst du zum \u00ablife long learner\u00bb.<\/p>\n\t\t\t<h3>Ist das f\u00fcr mich?<\/h3>\t\t\t\n\t\t\t\t<p>Dieser Bildungsgang ist f\u00fcr dich, wenn du dir ein solides theologisches Fundament erarbeiten willst und du dich vertieft mit praxisnahen F\u00fchrungsthemen auseinander setzen willst. Dieser Abschluss bef\u00e4higt zu einem teil- oder vollzeitlichen Dienst als Pastor, Jugendreferent, Gemeindegr\u00fcnder, oder f\u00fcr den Dienst in einer fremden Kultur.<\/p>\n\t\t\t<h3>Voraussetzungen<\/h3>\t\t\t\n\t\t\t\t<p>F\u00fcr ein Bildungsgang Praktische Theologie bringst du eine zw\u00f6lfj\u00e4hrige Grundausbildung (z.B. Berufslehre oder Matura\/Abitur) mit und arbeitest bereits in einer Gemeinde oder einem Missionswerk (ehrenamtlich oder angestellt). Die Gemeindeleitung oder dein Pastor unterst\u00fctzt deine Entscheidung f\u00fcr die theologische Ausbildung.<br \/>Du bist aufgeschlossen und an deinen Mitmenschen interessiert, lernbereit, teamf\u00e4hig, belastbar, diszipliniert und stehst in einer lebendigen Beziehung mit Gott. \u00a0<\/p>\n\t\t\t<h3>Abschluss<\/h3>\t\t\t\n\t\t\t\t<p>Der Bildungsgang Praktische Theologie dauert sieben Schulhalbjahre und umfasst 180 ECTS Credits. Dieser Bildungsgang ist von ECTE* und ICHE** als Qualifikation auf EQF Ebene 6 ( Bachelorebene) akkreditiert. Dadurch er\u00f6ffnen sich zahlreiche Weiterbildungsm\u00f6glichkeiten auf Masterebene.<br \/>ISTL orientiert sich am europ\u00e4ischen Bologna Standard.<\/p>\n<h6>*<a href=\"http:\/\/ecte.eu\" target=\"_blank\" rel=\"noopener\">European Council for Theological Education<\/a><\/h6>\n<h6>**<a href=\"http:\/\/www.ichenetwork.org\/site\/index.php\" target=\"_blank\" rel=\"noopener\">International Council for Higher Education<\/a><\/h6>\n\t\t\t<h3>Grundbildungsgang<\/h3>\t\t\t\n\t\t\t\t<p>Dieser Bildungsgang bestehen aus einem Grundbildungsgang und einem aufbauenden Bildungsgang. W\u00e4hrend den ersten vier Schulhalbjahre eignest du dir im Grundausbildungsgang systematisch dein theologisches Fundament und solide Grundlagen in Leiterschaft und Gemeindebau an. Dies f\u00fchrt zu einem interdisziplin\u00e4ren Verst\u00e4ndnis mit direkter Anwendung in der Praxis. Die F\u00e4higkeiten zu predigen, zu leiten und Teams zu entwickeln, werden gezielt gef\u00f6rdert.<\/p>\n\t\t\t<h3>Aufbauenden Bildungsgang<\/h3>\t\t\t\n\t\t\t\t<p>Im aufbauenden Bildungsgang wirst du dich vertieft mit theologischen Fragen besch\u00e4ftigen. Sozialethische Themen, theologische Tiefenbohrungen sowie die Einf\u00fchrung in die alten Sprachen erweitern deinen Horizont. Zudem gibt es eine Einf\u00fchrung in das Schreiben wissenschaftlicher Arbeiten. Du wirst bef\u00e4higt, eigene Fragestellungen in den Bereichen der Kirchen- und Missionsgeschichte sowie des Alten und Neuen Testaments zu erarbeiten. Alle Abschlussarbeiten werden unter der kompetenten Begleitung einer qualifizierten Fachlehrkraft erarbeitet.<\/p>\n\t\t\t\t<img loading=\"lazy\" decoding=\"async\" src=\"https:\/\/www.istl.net\/wp-content\/uploads\/2024\/02\/bildauswahl-quadro2.jpg\" alt=\"Bildauswahl-Quadro2\" itemprop=\"image\" height=\"1000\" width=\"1000\" title=\"Bildauswahl-Quadro2\" onerror=\"this.style.display='none'\"  \/>\n\t\t\t<h3>Facts<\/h3>\t\t\t\n\t\t\t\t<ul>\n<li>Schuljahr: September bis August<\/li>\n<li>Wochenstruktur: Zwei Pr\u00e4senztage im Schulzentrum (Mo und Di), <br \/>in der Praxisausbildung ist die Lernzeit integriert: Mi bis Fr (Sa\/So)<\/li>\n<li>F\u00e4cher: Blockkurse<\/li>\n<li>Sommerpause: Juli &amp; August<\/li>\n<li>Dauer Bildungsgang: 3,5 Jahre an allen Standorten<\/li>\n<\/ul>\n<ul>\n<li>Europ\u00e4isch Akkreditierte Abschl\u00fcsse: M\u00f6glichkeiten f\u00fcr Weiterbildung<\/li>\n<li>ISTL orientiert sich am Bologna Standard<\/li>\n<li><a href=\"https:\/\/www.istl.net\/wp-content\/uploads\/2025\/01\/grundinformationen-zu-istl-karlsruhe-de.pdf\">Grundinformationen<\/a> f\u00fcr Karlsruhe<\/li>\n<li><a href=\"https:\/\/www.istl.net\/wp-content\/uploads\/2025\/01\/grundinformationen-zu-istl-dresden-de.pdf\">Grundinformationen<\/a> f\u00fcr Dresden<\/li>\n<\/ul>\n\t\t\t<h3>Kosten<\/h3>\t\t\t\n\t\t\t\t<p>Alle Informationen zu den Kosten f\u00fcr den Bildungsgang in Praktische Theologie sind hier ersichtlich:<\/p>\n\t\t\t<a href=\"https:\/\/www.istl.net\/de\/studienangebote\/kosten\/\" title=\"Hier klicken\" target=\"_blank\" rel=\"noopener\"  role=\"button\" aria-label=\"Kosten\">\n\t\t\t\t\t\t\tKosten\n\t\t<\/a>\n\t\t\t\t<img loading=\"lazy\" decoding=\"async\" src=\"https:\/\/www.istl.net\/wp-content\/uploads\/2022\/10\/52436951648_44551fc066_k-e1669294132550-1000x1000.jpg\" alt=\"52436951648 44551fc066 k\" itemprop=\"image\" height=\"1000\" width=\"1000\" title=\"52436951648_44551fc066_k\" onerror=\"this.style.display='none'\"  \/>\n\t\t\t<h2>Jetzt anmelden!<\/h2>\t\t\t\n\t\t\t\t<p>Hier kannst du dich zum Schnuppern oder f\u00fcr die Ausbildung anmelden.<\/p>\n\t\t\t<a href=\"https:\/\/www.istl.net\/de\/anmelden-schnuppern\/\" title=\"Hier klicken\" target=\"_self\"   role=\"button\" aria-label=\"Schnuppern\">\n\t\t\t\t\t\t\tSchnuppern\n\t\t<\/a>\n\t\t\t<a href=\"https:\/\/www.istl.net\/de\/anmelden-studium\/\" title=\"Hier klicken\" target=\"_self\"   role=\"button\" aria-label=\"Ausbildung\">\n\t\t\t\t\t\t\tAusbildung\n\t\t<\/a>\n\n","protected":false},"excerpt":{"rendered":"<p>Bildungsgang Praktische Theologie Die praxisintegrierte Ausbildung f\u00fcr Leadership und Gemeindebau Zur\u00fcck Was und Warum? Theologisches Arbeiten und Denken ist heute mehr denn je gefragt. In diesem Studiengang erreichst du durch ein vertieftes Studium solide Fachkenntnisse \u00fcber die Bibel und \u00fcber die theologischen Fachgebiete. Du lernst mit Kommentaren, Lexika und historischen Quellen zu arbeiten. Die Einf\u00fchrung [&hellip;]<\/p>\n","protected":false},"author":2,"featured_media":0,"parent":8326,"menu_order":0,"comment_status":"closed","ping_status":"closed","template":"","meta":{"_acf_changed":false,"_seopress_robots_primary_cat":"","_seopress_titles_title":"ISTL \u2013 Bachelor in Theologie \u2013 Der Klassiker der Studieng\u00e4nge","_seopress_titles_desc":"Erlerne theologisches Arbeiten und Denken in Theorie und Praxis. Erhalte durch ein vertieftes Studium solide Fachkenntnisse \u00fcber die Bibel und Theologie. Werde f\u00fcr den Dienst als Pastor, Jugendpastor, Evangelist oder Gemeindegr\u00fcnder ausger\u00fcstet.","_seopress_robots_index":"","site-sidebar-layout":"no-sidebar","site-content-layout":"page-builder","ast-site-content-layout":"full-width-container","site-content-style":"unboxed","site-sidebar-style":"unboxed","ast-global-header-display":"","ast-banner-title-visibility":"","ast-main-header-display":"","ast-hfb-above-header-display":"","ast-hfb-below-header-display":"","ast-hfb-mobile-header-display":"","site-post-title":"disabled","ast-breadcrumbs-content":"","ast-featured-img":"disabled","footer-sml-layout":"","ast-disable-related-posts":"","theme-transparent-header-meta":"default","adv-header-id-meta":"","stick-header-meta":"default","header-above-stick-meta":"","header-main-stick-meta":"","header-below-stick-meta":"","astra-migrate-meta-layouts":"set","ast-page-background-enabled":"default","ast-page-background-meta":{"desktop":{"background-color":"","background-image":"","background-repeat":"repeat","background-position":"center center","background-size":"auto","background-attachment":"scroll","background-type":"","background-media":"","overlay-type":"","overlay-color":"","overlay-opacity":"","overlay-gradient":""},"tablet":{"background-color":"","background-image":"","background-repeat":"repeat","background-position":"center center","background-size":"auto","background-attachment":"scroll","background-type":"","background-media":"","overlay-type":"","overlay-color":"","overlay-opacity":"","overlay-gradient":""},"mobile":{"background-color":"","background-image":"","background-repeat":"repeat","background-position":"center center","background-size":"auto","background-attachment":"scroll","background-type":"","background-media":"","overlay-type":"","overlay-color":"","overlay-opacity":"","overlay-gradient":""}},"ast-content-background-meta":{"desktop":{"background-color":"var(--ast-global-color-5)","background-image":"","background-repeat":"repeat","background-position":"center center","background-size":"auto","background-attachment":"scroll","background-type":"","background-media":"","overlay-type":"","overlay-color":"","overlay-opacity":"","overlay-gradient":""},"tablet":{"background-color":"var(--ast-global-color-5)","background-image":"","background-repeat":"repeat","background-position":"center center","background-size":"auto","background-attachment":"scroll","background-type":"","background-media":"","overlay-type":"","overlay-color":"","overlay-opacity":"","overlay-gradient":""},"mobile":{"background-color":"var(--ast-global-color-5)","background-image":"","background-repeat":"repeat","background-position":"center center","background-size":"auto","background-attachment":"scroll","background-type":"","background-media":"","overlay-type":"","overlay-color":"","overlay-opacity":"","overlay-gradient":""}},"_links_to":"","_links_to_type":0,"iawp_total_views":2615,"footnotes":""},"class_list":["post-8423","page","type-page","status-publish","hentry"],"acf":[],"publishpress_future_action":{"enabled":false,"date":"2026-04-26 08:00:22","action":"change-status","newStatus":"draft","terms":[],"taxonomy":"translation_priority","extraData":[]},"publishpress_future_workflow_manual_trigger":{"enabledWorkflows":[]},"_links":{"self":[{"href":"https:\/\/www.istl.net\/de\/wp-json\/wp\/v2\/pages\/8423","targetHints":{"allow":["GET"]}}],"collection":[{"href":"https:\/\/www.istl.net\/de\/wp-json\/wp\/v2\/pages"}],"about":[{"href":"https:\/\/www.istl.net\/de\/wp-json\/wp\/v2\/types\/page"}],"author":[{"embeddable":true,"href":"https:\/\/www.istl.net\/de\/wp-json\/wp\/v2\/users\/2"}],"replies":[{"embeddable":true,"href":"https:\/\/www.istl.net\/de\/wp-json\/wp\/v2\/comments?post=8423"}],"version-history":[{"count":51,"href":"https:\/\/www.istl.net\/de\/wp-json\/wp\/v2\/pages\/8423\/revisions"}],"predecessor-version":[{"id":14223,"href":"https:\/\/www.istl.net\/de\/wp-json\/wp\/v2\/pages\/8423\/revisions\/14223"}],"up":[{"embeddable":true,"href":"https:\/\/www.istl.net\/de\/wp-json\/wp\/v2\/pages\/8326"}],"wp:attachment":[{"href":"https:\/\/www.istl.net\/de\/wp-json\/wp\/v2\/media?parent=8423"}],"curies":[{"name":"wp","href":"https:\/\/api.w.org\/{rel}","templated":true}]}}