{"id":8697,"date":"2020-02-25T15:18:00","date_gmt":"2020-02-25T14:18:00","guid":{"rendered":"https:\/\/www.istl.net\/studienangebote\/diplomstudium-kosten\/"},"modified":"2024-01-09T10:17:40","modified_gmt":"2024-01-09T09:17:40","slug":"diplomstudium-kosten","status":"publish","type":"page","link":"https:\/\/www.istl.net\/de\/studienangebote\/diplomstudium-kosten\/","title":{"rendered":"Diplomstudium Kosten"},"content":{"rendered":"\n\n\t\t\t<h1>Kosten<\/h1>\t\t\t\n\t\t\t\t<p>Diplomstudium<\/p>\n\t\t\t<a href=\"https:\/\/www.istl.net\/de\/studienangebote\/\" target=\"_self\" role=\"button\" rel=\"noopener\">\n\t\t\t\t\t\t\tZur\u00fcck\n\t\t\t\t\t<\/a>\n\t\t\t\t<img loading=\"lazy\" decoding=\"async\" src=\"https:\/\/www.istl.net\/wp-content\/uploads\/2024\/01\/bildauswahl-quadro-01-1000x1000.jpg\" alt=\"Bildauswahl-Quadro-01\" itemprop=\"image\" height=\"1000\" width=\"1000\" title=\"Bildauswahl-Quadro-01\" onerror=\"this.style.display='none'\"  \/>\n\t\t\t<h3>Studiengeb\u00fchren<\/h3>\t\t\t\n\t\t\t\t<p>Die Studiengeb\u00fchren f\u00fcr Studierende betragen 225 \u20ac 12x pro Jahr (3 Jahre). <br \/>Darin enthalten sind:<\/p>\n<ul>\n<li>Immatrikulationsgeb\u00fchren<\/li>\n<li>Alle Kurse aus dem\u00a0Stundenplan<\/li>\n<li>Akademische Betreuung<\/li>\n<li>Begleitung durch einen Mentor<\/li>\n<li>Pers\u00f6nlicher Fachmentor f\u00fcr die Forschungsarbeiten und die Abschlussarbeit<\/li>\n<li>\u00d6ffentliche Studientage und Konferenzen von ISTL<\/li>\n<li>Wlan-Zugang in allen Studienzentren<\/li>\n<li>Benutzung der ISTL\u00a0Bibliothek und App<\/li>\n<li>Studentenausweis<\/li>\n<\/ul>\n\t\t\t<h3>Pers\u00f6nliche Ausgaben<\/h3>\t\t\t\n\t\t\t\t<p>Auslagen f\u00fcr Literatur und Schulmaterial sind individuell. Angebotene Studien- oder Missionsreisen sind optional. Zwei- bis dreimal pro Jahr findet ein externes, verl\u00e4ngertes Studienwochenende statt. Kost und Logie variieren je nach Zimmerkomfort und geh\u00f6ren nicht zu den Studiengeb\u00fchren.<\/p>\n\t\t\t<h3>Ausbildungsbeitrag<\/h3>\t\t\t\n\t\t\t\t<p>225\u00a0\u20ac 12x pro Jahr (Richtwert).<br \/>Mit den Studiengeb\u00fchren des Studierenden k\u00f6nnen die Kosten f\u00fcr das Studium nicht gedeckt werden. Die ausbildende Gemeinde oder Organisation unterst\u00fctzt deshalb ISTL in Form einer Spende. Es freut uns zu sehen, dass Gemeinden an der Ausbildung ihrer Studierenden interessiert sind und diese auch finanziell unterst\u00fctzen.<\/p>\n<a href=\"https:\/\/www.istl.net\/wp-content\/uploads\/2022\/05\/Merklatt-Ausbildungsbeitrag.pdf\" target=\"_blank\" rel=\"noopener\">Ausf\u00fchrliche Informationen<\/a>\t\t\t\n\t\t\t<h3>Rabatte<\/h3>\t\t\t\n\t\t\t\t<p>Informationen zu <a href=\"https:\/\/www.istl.net\/studienangebote\/kosten-uebersicht\/\">Rabatten<\/a>.<\/p>\n\t\t\t<h3>Anmeldegeb\u00fchren<\/h3>\t\t\t\n\t\t\t\t<p>Keine Kosten<\/p>\n\t\t\t<h3>Bemerkungen<\/h3>\t\t\t\n\t\t\t\t<p>Es gelten in jedem Fall unsere\u00a0<a href=\"https:\/\/www.istl.net\/?smd_process_download=1&amp;download_id=8332\" target=\"_blank\" rel=\"noopener\">allgemeinen Gesch\u00e4ftsbedingungen<\/a>.\u00a0<\/p>\n<p>Die Geb\u00fchren gelten f\u00fcr alle Studierenden, welche in Deutschland studieren. Die Preise in Schweizer Franken gelten f\u00fcr Studierende mit festem Wohnsitz in der Schweiz.<\/p>\n<p>In der Regel k\u00f6nnen Studiengeb\u00fchren in Deutschland in der Regel von den Steuern abgezogen werden.<\/p>\n\t\t\t\t<img loading=\"lazy\" decoding=\"async\" src=\"https:\/\/www.istl.net\/wp-content\/uploads\/2022\/10\/52436951648_44551fc066_k-e1669294132550-1000x1000.jpg\" alt=\"52436951648 44551fc066 k\" itemprop=\"image\" height=\"1000\" width=\"1000\" title=\"52436951648_44551fc066_k\" onerror=\"this.style.display='none'\"  \/>\n\t\t\t<h2>Jetzt anmelden!<\/h2>\t\t\t\n\t\t\t\t<p>Hier kannst du dich zum Schnuppern oder f\u00fcr die Ausbildung anmelden.<\/p>\n\t\t\t<a href=\"https:\/\/www.istl.net\/de\/anmelden-schnuppern\/\" target=\"_self\" role=\"button\" aria-label=\"Schnuppern\" rel=\"noopener\">\n\t\t\t\t\t\t\tSchnuppern\n\t\t<\/a>\n\t\t\t<a href=\"https:\/\/www.istl.net\/de\/anmelden-studium\/\" target=\"_self\" role=\"button\" aria-label=\"Ausbildung\" rel=\"noopener\">\n\t\t\t\t\t\t\tAusbildung\n\t\t<\/a>\n\n","protected":false},"excerpt":{"rendered":"<p>Kosten Diplomstudium Zur\u00fcck Studiengeb\u00fchren Die Studiengeb\u00fchren f\u00fcr Studierende betragen 225 \u20ac 12x pro Jahr (3 Jahre). Darin enthalten sind: Immatrikulationsgeb\u00fchren Alle Kurse aus dem\u00a0Stundenplan Akademische Betreuung Begleitung durch einen Mentor Pers\u00f6nlicher Fachmentor f\u00fcr die Forschungsarbeiten und die Abschlussarbeit \u00d6ffentliche Studientage und Konferenzen von ISTL Wlan-Zugang in allen Studienzentren Benutzung der ISTL\u00a0Bibliothek und App Studentenausweis Pers\u00f6nliche [&hellip;]<\/p>\n","protected":false},"author":4,"featured_media":0,"parent":8326,"menu_order":0,"comment_status":"closed","ping_status":"closed","template":"","meta":{"_acf_changed":false,"_seopress_robots_primary_cat":"","_seopress_titles_title":"","_seopress_titles_desc":"","_seopress_robots_index":"yes","site-sidebar-layout":"no-sidebar","site-content-layout":"page-builder","ast-site-content-layout":"default","site-content-style":"default","site-sidebar-style":"default","ast-global-header-display":"","ast-banner-title-visibility":"","ast-main-header-display":"","ast-hfb-above-header-display":"","ast-hfb-below-header-display":"","ast-hfb-mobile-header-display":"","site-post-title":"disabled","ast-breadcrumbs-content":"","ast-featured-img":"disabled","footer-sml-layout":"","ast-disable-related-posts":"","theme-transparent-header-meta":"default","adv-header-id-meta":"","stick-header-meta":"default","header-above-stick-meta":"","header-main-stick-meta":"","header-below-stick-meta":"","astra-migrate-meta-layouts":"default","ast-page-background-enabled":"default","ast-page-background-meta":{"desktop":{"background-color":"","background-image":"","background-repeat":"repeat","background-position":"center center","background-size":"auto","background-attachment":"scroll","background-type":"","background-media":"","overlay-type":"","overlay-color":"","overlay-opacity":"","overlay-gradient":""},"tablet":{"background-color":"","background-image":"","background-repeat":"repeat","background-position":"center center","background-size":"auto","background-attachment":"scroll","background-type":"","background-media":"","overlay-type":"","overlay-color":"","overlay-opacity":"","overlay-gradient":""},"mobile":{"background-color":"","background-image":"","background-repeat":"repeat","background-position":"center center","background-size":"auto","background-attachment":"scroll","background-type":"","background-media":"","overlay-type":"","overlay-color":"","overlay-opacity":"","overlay-gradient":""}},"ast-content-background-meta":{"desktop":{"background-color":"var(--ast-global-color-5)","background-image":"","background-repeat":"repeat","background-position":"center center","background-size":"auto","background-attachment":"scroll","background-type":"","background-media":"","overlay-type":"","overlay-color":"","overlay-opacity":"","overlay-gradient":""},"tablet":{"background-color":"var(--ast-global-color-5)","background-image":"","background-repeat":"repeat","background-position":"center center","background-size":"auto","background-attachment":"scroll","background-type":"","background-media":"","overlay-type":"","overlay-color":"","overlay-opacity":"","overlay-gradient":""},"mobile":{"background-color":"var(--ast-global-color-5)","background-image":"","background-repeat":"repeat","background-position":"center center","background-size":"auto","background-attachment":"scroll","background-type":"","background-media":"","overlay-type":"","overlay-color":"","overlay-opacity":"","overlay-gradient":""}},"_links_to":"","_links_to_type":0,"iawp_total_views":191,"footnotes":""},"class_list":["post-8697","page","type-page","status-publish","hentry"],"acf":[],"publishpress_future_action":{"enabled":false,"date":"2026-04-26 06:24:43","action":"change-status","newStatus":"draft","terms":[],"taxonomy":"translation_priority","extraData":[]},"publishpress_future_workflow_manual_trigger":{"enabledWorkflows":[]},"_links":{"self":[{"href":"https:\/\/www.istl.net\/de\/wp-json\/wp\/v2\/pages\/8697","targetHints":{"allow":["GET"]}}],"collection":[{"href":"https:\/\/www.istl.net\/de\/wp-json\/wp\/v2\/pages"}],"about":[{"href":"https:\/\/www.istl.net\/de\/wp-json\/wp\/v2\/types\/page"}],"author":[{"embeddable":true,"href":"https:\/\/www.istl.net\/de\/wp-json\/wp\/v2\/users\/4"}],"replies":[{"embeddable":true,"href":"https:\/\/www.istl.net\/de\/wp-json\/wp\/v2\/comments?post=8697"}],"version-history":[{"count":12,"href":"https:\/\/www.istl.net\/de\/wp-json\/wp\/v2\/pages\/8697\/revisions"}],"predecessor-version":[{"id":12203,"href":"https:\/\/www.istl.net\/de\/wp-json\/wp\/v2\/pages\/8697\/revisions\/12203"}],"up":[{"embeddable":true,"href":"https:\/\/www.istl.net\/de\/wp-json\/wp\/v2\/pages\/8326"}],"wp:attachment":[{"href":"https:\/\/www.istl.net\/de\/wp-json\/wp\/v2\/media?parent=8697"}],"curies":[{"name":"wp","href":"https:\/\/api.w.org\/{rel}","templated":true}]}}