{"id":8731,"date":"2021-12-21T12:03:42","date_gmt":"2021-12-21T11:03:42","guid":{"rendered":"https:\/\/www.istl.net\/anmelden-formular\/"},"modified":"2026-01-29T07:24:17","modified_gmt":"2026-01-29T06:24:17","slug":"anmelden-formular","status":"publish","type":"page","link":"https:\/\/www.istl.net\/de\/anmelden-formular\/","title":{"rendered":"Anmelden Formular Seite"},"content":{"rendered":"\n\n\t\t\t<h1>wir freuen<br \/>uns auf dich<\/h1>\t\t\t\n<h2>\n\t\t\tWenige Klicks von deinem Studium entfernt!\t<\/h2>\n<p>Nachfolgend die zwei Steps zur Anmeldung:<\/p>\n<h3>1. F\u00fchre ein Gespr\u00e4ch mit deinem Pastor\/Leiter.<\/h3>\n<p>Besprich mit ihm folgende Fragen:<\/p>\n<ul>\n<li data-leveltext=\"\uf0b7\" data-font=\"Symbol\" data-listid=\"3\" data-list-defn-props=\"{&quot;335552541&quot;:1,&quot;335559685&quot;:720,&quot;335559991&quot;:360,&quot;469769226&quot;:&quot;Symbol&quot;,&quot;469769242&quot;:[8226],&quot;469777803&quot;:&quot;left&quot;,&quot;469777804&quot;:&quot;\uf0b7&quot;,&quot;469777815&quot;:&quot;multilevel&quot;}\" aria-setsize=\"-1\" data-aria-posinset=\"4\" data-aria-level=\"1\"><b>Entscheidung:<\/b> Unterst\u00fctzt er\/sie deine Entscheidung zum Studium?\u00a0<\/li>\n<li data-leveltext=\"\uf0b7\" data-font=\"Symbol\" data-listid=\"3\" data-list-defn-props=\"{&quot;335552541&quot;:1,&quot;335559685&quot;:720,&quot;335559991&quot;:360,&quot;469769226&quot;:&quot;Symbol&quot;,&quot;469769242&quot;:[8226],&quot;469777803&quot;:&quot;left&quot;,&quot;469777804&quot;:&quot;\uf0b7&quot;,&quot;469777815&quot;:&quot;multilevel&quot;}\" aria-setsize=\"-1\" data-aria-posinset=\"5\" data-aria-level=\"1\"><b>Praxis:<\/b> In welchen Bereichen der Gemeinde kannst du w\u00e4hrend des Studiums mitarbeiten?\u00a0<\/li>\n<li><strong>Ausbildungsbeitrag:<\/strong> Kann die Gemeinde den <a href=\"https:\/\/www.istl.net\/wp-content\/uploads\/2025\/02\/merklatt-ausbildungsbeitrag_240617_coh.pdf\" target=\"_blank\" rel=\"noopener\">Ausbildungsbeitrag<\/a> beisteuern?<br \/>\nEmpfohlen sind 225.- Euro\/Mt., zus\u00e4tzlich zu den Studiengeb\u00fchren des Studierenden.\u00a0<\/li>\n<\/ul>\n<h3>2. F\u00fclle das Anmeldeformular aus<\/h3>\n<p>Klicke unten auf den Anmeldebutton. Dort\u202fwirst du Schritt f\u00fcr Schritt durch den Anmeldeprozess gef\u00fchrt.\u202fBei Fragen kannst du dich jederzeit bei uns im Office melden.\u00a0<\/p>\n<h6>W\u00e4hrend den Sommerferien (Juli &amp; August) kann sich der Anmeldeprozess verz\u00f6gern.<\/h6>\n<p>&nbsp;<\/p>\n<h3>Anmeldegeb\u00fchren<\/h3>\nBis 31. Mai: kostenlos<br \/>\n*Ab 1. Juni: Euro 70.-\u00a0\n<p>*ausgenommen Quereinsteiger\u00a0<\/p>\n<p>\u00a0<\/p>\n\t\t\t<a href=\"https:\/\/istl-application.campusweb.cloud\/bewerbung-ba-und-diplom.php\" target=\"_blank\" rel=\"noopener\">\n\t\t\t\t\t\tzum Anmeldeformular\n\t\t\t\t\t<\/a>\n\t\t\t\t<img decoding=\"async\" src=\"https:\/\/www.istl.net\/wp-content\/uploads\/2024\/01\/bildauswahl-quadro-21-1000x1000.jpg\" alt=\"Bildauswahl-Quadro-21\" itemprop=\"image\" height=\"1000\" width=\"1000\" title=\"Bildauswahl-Quadro-21\" onerror=\"this.style.display='none'\" loading=\"lazy\" \/>\n\n","protected":false},"excerpt":{"rendered":"<p>wir freuenuns auf dich Wenige Klicks von deinem Studium entfernt! Nachfolgend die zwei Steps zur Anmeldung: 1. F\u00fchre ein Gespr\u00e4ch mit deinem Pastor\/Leiter. Besprich mit ihm folgende Fragen: Entscheidung: Unterst\u00fctzt er\/sie deine Entscheidung zum Studium?\u00a0 Praxis: In welchen Bereichen der Gemeinde kannst du w\u00e4hrend des Studiums mitarbeiten?\u00a0 Ausbildungsbeitrag: Kann die Gemeinde den Ausbildungsbeitrag beisteuern? Empfohlen [&hellip;]<\/p>\n","protected":false},"author":23,"featured_media":0,"parent":0,"menu_order":0,"comment_status":"closed","ping_status":"closed","template":"","meta":{"_acf_changed":false,"_seopress_robots_primary_cat":"","_seopress_titles_title":"Melde dich f\u00fcr einen ISTL-Schnuppertag mit Einblick in den Unterricht an","_seopress_titles_desc":"Finde das Studium, das zu dir und deinen Lebensumst\u00e4nden passt und lasse dich ausr\u00fcsten f\u00fcr deinen Dienst. Ein Schnuppertag umfasst folgendes: Teilnahme am Unterricht, Kennenlernen von Studierenden, gemeinsames Mittagessen, Ausbildungsgespr\u00e4ch","_seopress_robots_index":"","site-sidebar-layout":"no-sidebar","site-content-layout":"page-builder","ast-site-content-layout":"full-width-container","site-content-style":"unboxed","site-sidebar-style":"unboxed","ast-global-header-display":"","ast-banner-title-visibility":"","ast-main-header-display":"","ast-hfb-above-header-display":"","ast-hfb-below-header-display":"","ast-hfb-mobile-header-display":"","site-post-title":"disabled","ast-breadcrumbs-content":"","ast-featured-img":"disabled","footer-sml-layout":"","ast-disable-related-posts":"","theme-transparent-header-meta":"default","adv-header-id-meta":"","stick-header-meta":"default","header-above-stick-meta":"","header-main-stick-meta":"","header-below-stick-meta":"","astra-migrate-meta-layouts":"set","ast-page-background-enabled":"default","ast-page-background-meta":{"desktop":{"background-color":"","background-image":"","background-repeat":"repeat","background-position":"center center","background-size":"auto","background-attachment":"scroll","background-type":"","background-media":"","overlay-type":"","overlay-color":"","overlay-opacity":"","overlay-gradient":""},"tablet":{"background-color":"","background-image":"","background-repeat":"repeat","background-position":"center center","background-size":"auto","background-attachment":"scroll","background-type":"","background-media":"","overlay-type":"","overlay-color":"","overlay-opacity":"","overlay-gradient":""},"mobile":{"background-color":"","background-image":"","background-repeat":"repeat","background-position":"center center","background-size":"auto","background-attachment":"scroll","background-type":"","background-media":"","overlay-type":"","overlay-color":"","overlay-opacity":"","overlay-gradient":""}},"ast-content-background-meta":{"desktop":{"background-color":"var(--ast-global-color-5)","background-image":"","background-repeat":"repeat","background-position":"center center","background-size":"auto","background-attachment":"scroll","background-type":"","background-media":"","overlay-type":"","overlay-color":"","overlay-opacity":"","overlay-gradient":""},"tablet":{"background-color":"var(--ast-global-color-5)","background-image":"","background-repeat":"repeat","background-position":"center center","background-size":"auto","background-attachment":"scroll","background-type":"","background-media":"","overlay-type":"","overlay-color":"","overlay-opacity":"","overlay-gradient":""},"mobile":{"background-color":"var(--ast-global-color-5)","background-image":"","background-repeat":"repeat","background-position":"center center","background-size":"auto","background-attachment":"scroll","background-type":"","background-media":"","overlay-type":"","overlay-color":"","overlay-opacity":"","overlay-gradient":""}},"_links_to":"","_links_to_type":0,"iawp_total_views":1495,"footnotes":""},"class_list":["post-8731","page","type-page","status-publish","hentry"],"acf":[],"publishpress_future_action":{"enabled":false,"date":"2026-04-26 08:00:18","action":"change-status","newStatus":"draft","terms":[],"taxonomy":"translation_priority","extraData":[]},"publishpress_future_workflow_manual_trigger":{"enabledWorkflows":[]},"_links":{"self":[{"href":"https:\/\/www.istl.net\/de\/wp-json\/wp\/v2\/pages\/8731","targetHints":{"allow":["GET"]}}],"collection":[{"href":"https:\/\/www.istl.net\/de\/wp-json\/wp\/v2\/pages"}],"about":[{"href":"https:\/\/www.istl.net\/de\/wp-json\/wp\/v2\/types\/page"}],"author":[{"embeddable":true,"href":"https:\/\/www.istl.net\/de\/wp-json\/wp\/v2\/users\/23"}],"replies":[{"embeddable":true,"href":"https:\/\/www.istl.net\/de\/wp-json\/wp\/v2\/comments?post=8731"}],"version-history":[{"count":15,"href":"https:\/\/www.istl.net\/de\/wp-json\/wp\/v2\/pages\/8731\/revisions"}],"predecessor-version":[{"id":15465,"href":"https:\/\/www.istl.net\/de\/wp-json\/wp\/v2\/pages\/8731\/revisions\/15465"}],"wp:attachment":[{"href":"https:\/\/www.istl.net\/de\/wp-json\/wp\/v2\/media?parent=8731"}],"curies":[{"name":"wp","href":"https:\/\/api.w.org\/{rel}","templated":true}]}}