{"id":896,"date":"2019-09-29T12:43:51","date_gmt":"2019-09-29T10:43:51","guid":{"rendered":"https:\/\/www.istl.net\/?page_id=896"},"modified":"2024-03-21T16:25:33","modified_gmt":"2024-03-21T15:25:33","slug":"jahresprogramm","status":"publish","type":"page","link":"https:\/\/www.istl.net\/de\/studienangebote\/jahresprogramm\/","title":{"rendered":"Jahresprogramm"},"content":{"rendered":"\n\n\t\t\t<h1>Jahres&shy;programm<\/h1>\t\t\t\n\t\t\t\t<p>Finde deine Berufung\u00a0<\/p>\n\t\t\t<a href=\"https:\/\/www.istl.net\/studienangebote\/\" target=\"_self\" rel=\"noopener\">\n\t\t\t\t\t\t\tZur\u00fcck\n\t\t\t\t\t<\/a>\n\t\t\t\t<img loading=\"lazy\" decoding=\"async\" src=\"https:\/\/www.istl.net\/wp-content\/uploads\/2024\/02\/bildauswahl-quadro3-600x600.jpg\" alt=\"bildauswahl quadro3\" itemprop=\"image\" height=\"600\" width=\"600\" title=\"Bildauswahl-Quadro3\" onerror=\"this.style.display='none'\"  \/>\n\t\t\t<h3>Was und warum?<\/h3>\t\t\t\n<p>Investiere ein Jahr, um deine von Gott gegebene Berufung zu entdecken. Das Jahresprogramm erm\u00f6glicht dir einen \u00dcberblick \u00fcber die Bibel und die grundlegenden theologischen Fachgebiete zu erhalten. Zudem werden spezifische Themen wie Leadership, Mentoring und Evangelisation behandelt. Das Jahresprogramm schlie\u00dft mit einem ISTL-Zertifikat ab und eignet sich fu\u0308r ein nahtloses Weiterstudium auf Bachelorstufe.<\/p>\n\t\t\t<h3>Ist das f\u00fcr mich?<\/h3>\t\t\t\n\t\t\t\t<p>Das Jahresprogramm richtet sich an Personen, die sich ehrenamtlich oder teilzeitlich in Gemeinden und Werken investieren und ihrer Berufung auf den Grund gehen m\u00f6chten.<\/p>\n\t\t\t<h3>Voraussetzungen<\/h3>\t\t\t\n<p>F\u00fcr das Jahresprogramm bringst du eine zw\u00f6lfj\u00e4hrige Grundausbildung (z.B. Berufslehre oder Matura\/Abitur) mit. W\u00e4hrend einem Jahr investierst du drei Tage pro Woche in das Studium und arbeitest zudem aktiv in einer Gemeinde oder einem christlichen Werk mit.<\/p>\n\t\t\t<h3>Abschluss<\/h3>\t\t\t\n\t\t\t\t<p>Das Jahresprogramm schlie\u00dft mit einem ISTL-Zertifikat ab und eignet sich f\u00fcr ein nahtloses Weiterstudium.<\/p>\n\t\t\t<h2>Kosten<\/h2>\t\t\t\n\t\t\t\t<p>Alle Informationen zu den Kosten f\u00fcr das Jahresprogramm sind hier ersichtlich:<\/p>\n\t\t\t<a href=\"https:\/\/www.istl.net\/studienangebote\/jahresprogramm-kosten\/\" target=\"_blank\" rel=\"noopener\" role=\"button\" aria-label=\"Kosten\">\n\t\t\t\t\t\t\tKosten\n\t\t<\/a>\n\t\t\t\t<img loading=\"lazy\" decoding=\"async\" src=\"https:\/\/www.istl.net\/wp-content\/uploads\/2022\/10\/52436951648_44551fc066_k-e1669294132550-1000x1000.jpg\" alt=\"52436951648 44551fc066 k\" itemprop=\"image\" height=\"1000\" width=\"1000\" title=\"52436951648_44551fc066_k\" onerror=\"this.style.display='none'\"  \/>\n\t\t\t<h2>Jetzt anmelden!<\/h2>\t\t\t\n\t\t\t\t<p>Hier kannst du dich zum Schnuppern oder f\u00fcrs Studium anmelden.<\/p>\n\t\t\t<a href=\"https:\/\/www.istl.net\/anmelden-schnuppern\/\" target=\"_self\" role=\"button\" aria-label=\"Schnuppern\" rel=\"noopener\">\n\t\t\t\t\t\t\tSchnuppern\n\t\t<\/a>\n\t\t\t<a href=\"https:\/\/www.istl.net\/anmelden-studium\/\" target=\"_self\" role=\"button\" aria-label=\"Studium\" rel=\"noopener\">\n\t\t\t\t\t\t\tStudium\n\t\t<\/a>\n\n","protected":false},"excerpt":{"rendered":"<p>Jahres&shy;programm Finde deine Berufung\u00a0 Zur\u00fcck Was und warum? Investiere ein Jahr, um deine von Gott gegebene Berufung zu entdecken. Das Jahresprogramm erm\u00f6glicht dir einen \u00dcberblick \u00fcber die Bibel und die grundlegenden theologischen Fachgebiete zu erhalten. Zudem werden spezifische Themen wie Leadership, Mentoring und Evangelisation behandelt. Das Jahresprogramm schlie\u00dft mit einem ISTL-Zertifikat ab und eignet sich [&hellip;]<\/p>\n","protected":false},"author":4,"featured_media":0,"parent":6715,"menu_order":0,"comment_status":"closed","ping_status":"closed","template":"","meta":{"_acf_changed":false,"_seopress_robots_primary_cat":"","_seopress_titles_title":"ISTL \u2013 Jahresprogramm \u2013 Finde deine Berufung","_seopress_titles_desc":"Das Jahresprogramm richtet sich an dich, wenn du deine von Gott gegebene Berufung entdecken willst. Dieses Jahr erm\u00f6glicht dir einen \u00dcberblick \u00fcber die Bibel, \u00fcber grundlegende theologische Fachgebiete und \u00fcber spezifische Themen wie Leadership und Mentoring. ","_seopress_robots_index":"","site-sidebar-layout":"no-sidebar","site-content-layout":"page-builder","ast-site-content-layout":"full-width-container","site-content-style":"unboxed","site-sidebar-style":"unboxed","ast-global-header-display":"","ast-banner-title-visibility":"","ast-main-header-display":"","ast-hfb-above-header-display":"","ast-hfb-below-header-display":"","ast-hfb-mobile-header-display":"","site-post-title":"disabled","ast-breadcrumbs-content":"","ast-featured-img":"disabled","footer-sml-layout":"","ast-disable-related-posts":"","theme-transparent-header-meta":"default","adv-header-id-meta":"","stick-header-meta":"default","header-above-stick-meta":"","header-main-stick-meta":"","header-below-stick-meta":"","astra-migrate-meta-layouts":"set","ast-page-background-enabled":"default","ast-page-background-meta":{"desktop":{"background-color":"","background-image":"","background-repeat":"repeat","background-position":"center center","background-size":"auto","background-attachment":"scroll","background-type":"","background-media":"","overlay-type":"","overlay-color":"","overlay-opacity":"","overlay-gradient":""},"tablet":{"background-color":"","background-image":"","background-repeat":"repeat","background-position":"center center","background-size":"auto","background-attachment":"scroll","background-type":"","background-media":"","overlay-type":"","overlay-color":"","overlay-opacity":"","overlay-gradient":""},"mobile":{"background-color":"","background-image":"","background-repeat":"repeat","background-position":"center center","background-size":"auto","background-attachment":"scroll","background-type":"","background-media":"","overlay-type":"","overlay-color":"","overlay-opacity":"","overlay-gradient":""}},"ast-content-background-meta":{"desktop":{"background-color":"var(--ast-global-color-5)","background-image":"","background-repeat":"repeat","background-position":"center center","background-size":"auto","background-attachment":"scroll","background-type":"","background-media":"","overlay-type":"","overlay-color":"","overlay-opacity":"","overlay-gradient":""},"tablet":{"background-color":"var(--ast-global-color-5)","background-image":"","background-repeat":"repeat","background-position":"center center","background-size":"auto","background-attachment":"scroll","background-type":"","background-media":"","overlay-type":"","overlay-color":"","overlay-opacity":"","overlay-gradient":""},"mobile":{"background-color":"var(--ast-global-color-5)","background-image":"","background-repeat":"repeat","background-position":"center center","background-size":"auto","background-attachment":"scroll","background-type":"","background-media":"","overlay-type":"","overlay-color":"","overlay-opacity":"","overlay-gradient":""}},"_links_to":"","_links_to_type":0,"iawp_total_views":2523,"footnotes":""},"class_list":["post-896","page","type-page","status-publish","hentry"],"acf":[],"publishpress_future_action":{"enabled":false,"date":"2026-04-26 08:03:48","action":"change-status","newStatus":"draft","terms":[],"taxonomy":"translation_priority","extraData":[]},"publishpress_future_workflow_manual_trigger":{"enabledWorkflows":[]},"_links":{"self":[{"href":"https:\/\/www.istl.net\/de\/wp-json\/wp\/v2\/pages\/896","targetHints":{"allow":["GET"]}}],"collection":[{"href":"https:\/\/www.istl.net\/de\/wp-json\/wp\/v2\/pages"}],"about":[{"href":"https:\/\/www.istl.net\/de\/wp-json\/wp\/v2\/types\/page"}],"author":[{"embeddable":true,"href":"https:\/\/www.istl.net\/de\/wp-json\/wp\/v2\/users\/4"}],"replies":[{"embeddable":true,"href":"https:\/\/www.istl.net\/de\/wp-json\/wp\/v2\/comments?post=896"}],"version-history":[{"count":62,"href":"https:\/\/www.istl.net\/de\/wp-json\/wp\/v2\/pages\/896\/revisions"}],"predecessor-version":[{"id":12815,"href":"https:\/\/www.istl.net\/de\/wp-json\/wp\/v2\/pages\/896\/revisions\/12815"}],"up":[{"embeddable":true,"href":"https:\/\/www.istl.net\/de\/wp-json\/wp\/v2\/pages\/6715"}],"wp:attachment":[{"href":"https:\/\/www.istl.net\/de\/wp-json\/wp\/v2\/media?parent=896"}],"curies":[{"name":"wp","href":"https:\/\/api.w.org\/{rel}","templated":true}]}}