{"id":902,"date":"2019-09-29T12:47:35","date_gmt":"2019-09-29T10:47:35","guid":{"rendered":"https:\/\/www.istl.net\/?page_id=902"},"modified":"2024-04-04T13:44:47","modified_gmt":"2024-04-04T11:44:47","slug":"quereinsteiger-programm","status":"publish","type":"page","link":"https:\/\/www.istl.net\/de\/studienangebote\/quereinsteiger-programm\/","title":{"rendered":"Quereinsteiger Programm"},"content":{"rendered":"\n\n\t\t\t<h1>Quereinsteiger-programm<\/h1>\t\t\t\n\t\t\t\t<p>Der massgeschneiderte Studiengang.<\/p>\n\t\t\t<a href=\"https:\/\/www.istl.net\/studienangebote\/\" target=\"_self\" rel=\"noopener\">\n\t\t\t\t\t\t\tZur\u00fcck\n\t\t\t\t\t<\/a>\n\t\t\t\t<img loading=\"lazy\" decoding=\"async\" src=\"https:\/\/www.istl.net\/wp-content\/uploads\/2024\/02\/bildauswahl-quadro-01.jpg\" alt=\"bildauswahl quadro 01\" itemprop=\"image\" height=\"2083\" width=\"2083\" title=\"Bildauswahl-Quadro-01\" onerror=\"this.style.display='none'\"  \/>\n\t\t\t<h3>Was und warum?<\/h3>\t\t\t\n\t\t\t\t<p>Das Quereinsteiger-Programm ist eine berufsbegleitende Weiterbildung. Der Einstieg ins Programm ist jederzeit m\u00f6glich. Deine F\u00e4cher kannst du individuell und nach deinen Bed\u00fcrfnissen festlegen. Dazu steht das ganze Kursangebot von ISTL zur Auswahl. Die Kurse finden von September bis Juni jeweils montags und dienstags bei ISTL statt. Erg\u00e4nzend stehen mehr als 30 Selbststudienkurse zur Verf\u00fcgung.<\/p>\n\t\t\t<h3>Ist das f\u00fcr mich?<\/h3>\t\t\t\n\t\t\t\t<p>Dieses Studium ist f\u00fcr Personen geeignet, die bereits in einem teil- oder vollzeitlichen Dienst arbeiten und sich theologisch aus- und weiterbilden lassen wollen. Deine pers\u00f6nliche Berufung kann durch eine gezielte Auswahl der Kurse gest\u00e4rkt werden. Der Einstieg in dieses Studium ist jederzeit ohne Theologische Vorbildung m\u00f6glich.<\/p>\n\t\t\t<h3>Voraussetzungen<\/h3>\t\t\t\n\t\t\t\t<p>Du verf\u00fcgst \u00fcber eine zw\u00f6lfj\u00e4hrige Grundausbildung (z.B. Berufslehre oder Matura\/Abitur) und arbeitest bereits in einer Gemeinde oder einem Missionswerk aktiv mit. Die Gemeindeleitung oder dein Pastor unterst\u00fctzt deine Entscheidung f\u00fcr die theologische Ausbildung.<\/p>\n\t\t\t<h3>Abschluss<\/h3>\t\t\t\n\t\t\t\t<p>Als Quereinsteiger kannst du jeden Abschluss von ISTL anstreben. Der zeitliche Aufwand und die Dauer des Studiums sind individuell.\u00a0<\/p>\n<p>Die praktische Umsetzung in der Gemeinde oder einem christlichen Werk kann angerechnet werden (maximal 1\/3 der Credits).<\/p>\n\t\t\t<h2>Kosten<\/h2>\t\t\t\n\t\t\t\t<p>Alle Informationen zu den Kosten f\u00fcr das Quereinsteiger-Programm sind hier ersichtlich:<\/p>\n\t\t\t<a href=\"https:\/\/www.istl.net\/studienangebote\/quereinsteiger-programm-kosten\" target=\"_blank\" rel=\"noopener\" role=\"button\" aria-label=\"Kosten\">\n\t\t\t\t\t\t\tKosten\n\t\t<\/a>\n\n\t\t\t\t<img loading=\"lazy\" decoding=\"async\" src=\"https:\/\/www.istl.net\/wp-content\/uploads\/2022\/10\/52436951648_44551fc066_k-e1669294132550-1000x1000.jpg\" alt=\"52436951648 44551fc066 k\" itemprop=\"image\" height=\"1000\" width=\"1000\" title=\"52436951648_44551fc066_k\" onerror=\"this.style.display='none'\"  \/>\n\t\t\t<h2>Jetzt anmelden!<\/h2>\t\t\t\n\t\t\t\t<p>Hier kannst du dich zum Schnuppern oder f\u00fcrs Studium anmelden.<\/p>\n\t\t\t<a href=\"https:\/\/www.istl.net\/anmelden-schnuppern\/\" target=\"_self\" role=\"button\" aria-label=\"Schnuppern\" rel=\"noopener\">\n\t\t\t\t\t\t\tSchnuppern\n\t\t<\/a>\n\t\t\t<a href=\"https:\/\/www.istl.net\/anmelden-studium\/\" target=\"_self\" role=\"button\" aria-label=\"Studium\" rel=\"noopener\">\n\t\t\t\t\t\t\tStudium\n\t\t<\/a>\n\n","protected":false},"excerpt":{"rendered":"<p>Quereinsteiger-programm Der massgeschneiderte Studiengang. Zur\u00fcck Was und warum? Das Quereinsteiger-Programm ist eine berufsbegleitende Weiterbildung. Der Einstieg ins Programm ist jederzeit m\u00f6glich. Deine F\u00e4cher kannst du individuell und nach deinen Bed\u00fcrfnissen festlegen. Dazu steht das ganze Kursangebot von ISTL zur Auswahl. Die Kurse finden von September bis Juni jeweils montags und dienstags bei ISTL statt. Erg\u00e4nzend [&hellip;]<\/p>\n","protected":false},"author":4,"featured_media":0,"parent":6715,"menu_order":0,"comment_status":"closed","ping_status":"closed","template":"","meta":{"_acf_changed":false,"_seopress_robots_primary_cat":"","_seopress_titles_title":"ISTL \u2013  Quereinsteiger-Programm \u2013 Der massgeschneiderte Studiengang","_seopress_titles_desc":"Das Quereinsteiger-Programm ist eine berufsbegleitende Weiterbildung. Deine F\u00e4cher kannst du individuell und nach deinen Bed\u00fcrfnissen festlegen. Du profitierst vom ganzen Kursangebot von ISTL. Der Einstieg in dieses Studium ist jederzeit ohne Theologische Vorbildung m\u00f6glich.","_seopress_robots_index":"","site-sidebar-layout":"no-sidebar","site-content-layout":"page-builder","ast-site-content-layout":"full-width-container","site-content-style":"unboxed","site-sidebar-style":"unboxed","ast-global-header-display":"","ast-banner-title-visibility":"","ast-main-header-display":"","ast-hfb-above-header-display":"","ast-hfb-below-header-display":"","ast-hfb-mobile-header-display":"","site-post-title":"disabled","ast-breadcrumbs-content":"","ast-featured-img":"disabled","footer-sml-layout":"","ast-disable-related-posts":"","theme-transparent-header-meta":"default","adv-header-id-meta":"","stick-header-meta":"default","header-above-stick-meta":"","header-main-stick-meta":"","header-below-stick-meta":"","astra-migrate-meta-layouts":"set","ast-page-background-enabled":"default","ast-page-background-meta":{"desktop":{"background-color":"","background-image":"","background-repeat":"repeat","background-position":"center center","background-size":"auto","background-attachment":"scroll","background-type":"","background-media":"","overlay-type":"","overlay-color":"","overlay-opacity":"","overlay-gradient":""},"tablet":{"background-color":"","background-image":"","background-repeat":"repeat","background-position":"center center","background-size":"auto","background-attachment":"scroll","background-type":"","background-media":"","overlay-type":"","overlay-color":"","overlay-opacity":"","overlay-gradient":""},"mobile":{"background-color":"","background-image":"","background-repeat":"repeat","background-position":"center center","background-size":"auto","background-attachment":"scroll","background-type":"","background-media":"","overlay-type":"","overlay-color":"","overlay-opacity":"","overlay-gradient":""}},"ast-content-background-meta":{"desktop":{"background-color":"var(--ast-global-color-5)","background-image":"","background-repeat":"repeat","background-position":"center center","background-size":"auto","background-attachment":"scroll","background-type":"","background-media":"","overlay-type":"","overlay-color":"","overlay-opacity":"","overlay-gradient":""},"tablet":{"background-color":"var(--ast-global-color-5)","background-image":"","background-repeat":"repeat","background-position":"center center","background-size":"auto","background-attachment":"scroll","background-type":"","background-media":"","overlay-type":"","overlay-color":"","overlay-opacity":"","overlay-gradient":""},"mobile":{"background-color":"var(--ast-global-color-5)","background-image":"","background-repeat":"repeat","background-position":"center center","background-size":"auto","background-attachment":"scroll","background-type":"","background-media":"","overlay-type":"","overlay-color":"","overlay-opacity":"","overlay-gradient":""}},"_links_to":"","_links_to_type":0,"iawp_total_views":4149,"footnotes":""},"class_list":["post-902","page","type-page","status-publish","hentry"],"acf":[],"publishpress_future_action":{"enabled":false,"date":"2026-04-26 06:21:04","action":"change-status","newStatus":"draft","terms":[],"taxonomy":"translation_priority","extraData":[]},"publishpress_future_workflow_manual_trigger":{"enabledWorkflows":[]},"_links":{"self":[{"href":"https:\/\/www.istl.net\/de\/wp-json\/wp\/v2\/pages\/902","targetHints":{"allow":["GET"]}}],"collection":[{"href":"https:\/\/www.istl.net\/de\/wp-json\/wp\/v2\/pages"}],"about":[{"href":"https:\/\/www.istl.net\/de\/wp-json\/wp\/v2\/types\/page"}],"author":[{"embeddable":true,"href":"https:\/\/www.istl.net\/de\/wp-json\/wp\/v2\/users\/4"}],"replies":[{"embeddable":true,"href":"https:\/\/www.istl.net\/de\/wp-json\/wp\/v2\/comments?post=902"}],"version-history":[{"count":66,"href":"https:\/\/www.istl.net\/de\/wp-json\/wp\/v2\/pages\/902\/revisions"}],"predecessor-version":[{"id":12949,"href":"https:\/\/www.istl.net\/de\/wp-json\/wp\/v2\/pages\/902\/revisions\/12949"}],"up":[{"embeddable":true,"href":"https:\/\/www.istl.net\/de\/wp-json\/wp\/v2\/pages\/6715"}],"wp:attachment":[{"href":"https:\/\/www.istl.net\/de\/wp-json\/wp\/v2\/media?parent=902"}],"curies":[{"name":"wp","href":"https:\/\/api.w.org\/{rel}","templated":true}]}}