{"id":905,"date":"2019-09-29T12:50:38","date_gmt":"2019-09-29T10:50:38","guid":{"rendered":"https:\/\/www.istl.net\/?page_id=905"},"modified":"2025-09-25T11:02:49","modified_gmt":"2025-09-25T09:02:49","slug":"geschichte","status":"publish","type":"page","link":"https:\/\/www.istl.net\/de\/das-ist-istl\/geschichte\/","title":{"rendered":"Geschichte"},"content":{"rendered":"\n\n\t\t\t<h1>Geschichte<\/h1>\t\t\t\n\t\t\t<h1>2005 GR\u00dcNDUNG ISTL Z\u00dcRICH<\/h1>\n\t\t\t\t<p>Das International Seminary of Theology and Leadership (ISTL) wurde 2005 von Heinz W. Strupler gegr\u00fcndet. Strupler, der zuvor die Bibelschule Walzenhausen, das ICF sowie IGW ins Leben gerufen hatte, wollte eine Ausbildungsst\u00e4tte schaffen, die junge Menschen nicht nur theologisch schult, sondern sie auch ganzheitlich f\u00fcr ihren Dienst vorbereitet. Bereits zwei Jahre vor der offiziellen Gr\u00fcndung begann ein engagiertes Team mit der Entwicklung eines innovativen Programms, das Wissen, Werte und praktische Erfahrungen miteinander verbindet.<\/p>\n<p>Die Vision war es, eine Schule f\u00fcr eine neue Generation von Leitern aufzubauen, die in ihrem Glauben wachsen, sich pers\u00f6nlich entwickeln und nachhaltig in Kirche und Gesellschaft wirken. Die Vorbereitung und Gr\u00fcndung waren von einem tiefen Pioniergeist und gro\u00dfem Glauben gepr\u00e4gt &#8211; ein Fundament, das ISTL bis heute inspiriert.<\/p>\n\t\t\t<h1>hallo<\/h1>\t\t\t\n\t\t\t<h1>WACHSTUM im deutschen Sprachraum<\/h1>\n\t\t\t\t<p>Im Jahr 2015 begann die Expansion von ISTL mit der Er\u00f6ffnung eines Studienzentrums im Berner Oberland. Schritt f\u00fcr Schritt wurde der Standort aufgebaut, und heute wird in Thun das gesamte Studienangebot bereitgestellt. 2018 wurde das erste Studienzentrum in S\u00fcddeutschland in Freiburg im Breisgau er\u00f6ffnet, welches im Sommer 2023 nach Karlsruhe verlegt wurde. Gleichzeitig startete ISTL in Dresden, Ostdeutschland, ein weiteres Studienzentrum. Im Jahr 2024 folgte die Er\u00f6ffnung eines Standorts in Bremen, Norddeutschland.<\/p>\n<p>Heute z\u00e4hlt ISTL rund 160 Studierende, die an f\u00fcnf Standorten in Deutschland und der Schweiz im Pr\u00e4senzunterricht ausgebildet werden. Die Studieng\u00e4nge auf Bachelor-Niveau sind international durch ECTE (European Council for Theological Education) akkreditiert. Dies garantiert eine qualitativ hochwertige Ausbildung, die den h\u00f6chsten Standards entspricht und Absolventen optimal auf ihre Aufgaben vorbereitet. Die Schulkultur bei ISTL zeichnet sich durch einen inspirierenden Lerneifer, tiefgehende Beziehungen und eine leidenschaftliche Ausrichtung auf Christus aus.<\/p>\n\t\t\t<h1>GR\u00dcNDUNG DES ISTL<\/h1>\t\t\t\n\t\t\t<h1>WACHSTUM IM AUSLAND<\/h1>\n\t\t\t\t<p>Seit 2008 hat ISTL seine Vision \u00fcber Europa hinausgetragen. In Albanien, im Nahen Osten und in Ostafrika wurden neue Zentren gegr\u00fcndet. Besonders in Kenia, Ruanda und dem Ostkongo sind eigenst\u00e4ndige ISTL-Schulen entstanden, die Teil des wachsenden globalen ISTL Movements sind.<\/p>\n<p>In Zusammenarbeit mit dem Center f\u00fcr internationale Studien und Entwicklungszusammenarbeit (CISE) unterst\u00fctzt ISTL die Schulen in Entwicklungsl\u00e4ndern sowohl finanziell, beratend, und auch organisatorisch. Diese Partnerschaften erm\u00f6glichen es, lokale Leiter auszur\u00fcsten, die in ihren Kontexten einen tiefgreifenden Unterschied bewirken.<\/p>\n<p>\u00a0<\/p>\n<p>Mit seinem internationalen Netzwerk, der starken Gemeinschaft und der kompromisslosen Ausrichtung auf Christus ist ISTL zu einer Ausbildungsst\u00e4tte geworden, die Menschen inspiriert, ausr\u00fcstet und sendet.<\/p>\n\n","protected":false},"excerpt":{"rendered":"<p>Geschichte 2005 GR\u00dcNDUNG ISTL Z\u00dcRICH Das International Seminary of Theology and Leadership (ISTL) wurde 2005 von Heinz W. Strupler gegr\u00fcndet. Strupler, der zuvor die Bibelschule Walzenhausen, das ICF sowie IGW ins Leben gerufen hatte, wollte eine Ausbildungsst\u00e4tte schaffen, die junge Menschen nicht nur theologisch schult, sondern sie auch ganzheitlich f\u00fcr ihren Dienst vorbereitet. Bereits zwei [&hellip;]<\/p>\n","protected":false},"author":4,"featured_media":0,"parent":101,"menu_order":0,"comment_status":"closed","ping_status":"closed","template":"","meta":{"_acf_changed":false,"_seopress_robots_primary_cat":"","_seopress_titles_title":"ISTL \u2013 Geschichte \u2013 2005 von Heinz Strupler gegr\u00fcndet","_seopress_titles_desc":"Das ISTL (International Seminary of Theology and Leadership) wurde im Jahr 2005 von Heinz W. Strupler initiiert, der bereits die Bibelschule Walzenhausen, IGW und das ICF gegr\u00fcndet hat.","_seopress_robots_index":"","site-sidebar-layout":"no-sidebar","site-content-layout":"page-builder","ast-site-content-layout":"default","site-content-style":"default","site-sidebar-style":"default","ast-global-header-display":"","ast-banner-title-visibility":"","ast-main-header-display":"","ast-hfb-above-header-display":"","ast-hfb-below-header-display":"","ast-hfb-mobile-header-display":"","site-post-title":"disabled","ast-breadcrumbs-content":"","ast-featured-img":"disabled","footer-sml-layout":"","ast-disable-related-posts":"","theme-transparent-header-meta":"default","adv-header-id-meta":"","stick-header-meta":"default","header-above-stick-meta":"","header-main-stick-meta":"","header-below-stick-meta":"","astra-migrate-meta-layouts":"default","ast-page-background-enabled":"default","ast-page-background-meta":{"desktop":{"background-color":"","background-image":"","background-repeat":"repeat","background-position":"center center","background-size":"auto","background-attachment":"scroll","background-type":"","background-media":"","overlay-type":"","overlay-color":"","overlay-opacity":"","overlay-gradient":""},"tablet":{"background-color":"","background-image":"","background-repeat":"repeat","background-position":"center center","background-size":"auto","background-attachment":"scroll","background-type":"","background-media":"","overlay-type":"","overlay-color":"","overlay-opacity":"","overlay-gradient":""},"mobile":{"background-color":"","background-image":"","background-repeat":"repeat","background-position":"center center","background-size":"auto","background-attachment":"scroll","background-type":"","background-media":"","overlay-type":"","overlay-color":"","overlay-opacity":"","overlay-gradient":""}},"ast-content-background-meta":{"desktop":{"background-color":"var(--ast-global-color-5)","background-image":"","background-repeat":"repeat","background-position":"center center","background-size":"auto","background-attachment":"scroll","background-type":"","background-media":"","overlay-type":"","overlay-color":"","overlay-opacity":"","overlay-gradient":""},"tablet":{"background-color":"var(--ast-global-color-5)","background-image":"","background-repeat":"repeat","background-position":"center center","background-size":"auto","background-attachment":"scroll","background-type":"","background-media":"","overlay-type":"","overlay-color":"","overlay-opacity":"","overlay-gradient":""},"mobile":{"background-color":"var(--ast-global-color-5)","background-image":"","background-repeat":"repeat","background-position":"center center","background-size":"auto","background-attachment":"scroll","background-type":"","background-media":"","overlay-type":"","overlay-color":"","overlay-opacity":"","overlay-gradient":""}},"_links_to":"","_links_to_type":0,"iawp_total_views":1495,"footnotes":""},"class_list":["post-905","page","type-page","status-publish","hentry"],"acf":[],"publishpress_future_action":{"enabled":false,"date":"2026-04-26 06:21:35","action":"change-status","newStatus":"draft","terms":[],"taxonomy":"translation_priority","extraData":[]},"publishpress_future_workflow_manual_trigger":{"enabledWorkflows":[]},"_links":{"self":[{"href":"https:\/\/www.istl.net\/de\/wp-json\/wp\/v2\/pages\/905","targetHints":{"allow":["GET"]}}],"collection":[{"href":"https:\/\/www.istl.net\/de\/wp-json\/wp\/v2\/pages"}],"about":[{"href":"https:\/\/www.istl.net\/de\/wp-json\/wp\/v2\/types\/page"}],"author":[{"embeddable":true,"href":"https:\/\/www.istl.net\/de\/wp-json\/wp\/v2\/users\/4"}],"replies":[{"embeddable":true,"href":"https:\/\/www.istl.net\/de\/wp-json\/wp\/v2\/comments?post=905"}],"version-history":[{"count":22,"href":"https:\/\/www.istl.net\/de\/wp-json\/wp\/v2\/pages\/905\/revisions"}],"predecessor-version":[{"id":15029,"href":"https:\/\/www.istl.net\/de\/wp-json\/wp\/v2\/pages\/905\/revisions\/15029"}],"up":[{"embeddable":true,"href":"https:\/\/www.istl.net\/de\/wp-json\/wp\/v2\/pages\/101"}],"wp:attachment":[{"href":"https:\/\/www.istl.net\/de\/wp-json\/wp\/v2\/media?parent=905"}],"curies":[{"name":"wp","href":"https:\/\/api.w.org\/{rel}","templated":true}]}}