{"id":9632,"date":"2022-12-06T15:37:42","date_gmt":"2022-12-06T14:37:42","guid":{"rendered":"https:\/\/www.istl.net\/?page_id=9632"},"modified":"2025-12-17T09:32:24","modified_gmt":"2025-12-17T08:32:24","slug":"karlsruhe","status":"publish","type":"page","link":"https:\/\/www.istl.net\/de\/karlsruhe\/","title":{"rendered":"Standort Karlsruhe"},"content":{"rendered":"\n\n\t\t\t<h1>Karlsruhe<\/h1>\t\t\t\n\t\t\t\tWillkommen im \nISTL Karlsruhe\n\t\t\t<h1>Bildungsgang in Praktischer Theologie in Karlsruhe<\/h1>\t\t\t\n\t\t\t\t<p>Studiere Theologie bei ISTL Karlsruhe. In Zusammenarbeit mit der Evangelischen Allianz Karlsruhe und diversen Kirchen aus der Region bilden wir pastorale F\u00fchrungskr\u00e4fte aus. Junge Leiter aus ganz S\u00fcddeutschland kommen hier zusammen, um gemeinsam ihr Wissen zu erweitern und ihre F\u00e4higkeiten zu entwickeln. In unserem Studienzentrum wirst du von erfahrenen Dozenten mit Praxiserfahrung unterrichtet.<\/p>\n<p>Wir verbinden solides Theologiestudium und innovatives Denken mit jugendlichem Feuer.\u00a0Du eignest dir Fachkompetenz in den Bereichen Theologie, Gemeindebau und Leiterschaft an. Unsere pulsierende Schulkultur wird dich inspirieren und bef\u00e4higen, das Beste aus dir herauszuholen. Komm und erlebe die Dynamik von ISTL Karlsruhe &#8211; dem Ort, an dem du deine F\u00fchrungsf\u00e4higkeiten auf die n\u00e4chste Stufe bringen kannst!<\/p>\n\t\t\t<h1>Die Ausbildung geschieht immer im Kontext der Lokalgemeinde.<\/h1>\t\t\t\n\t\t\t\t<p>Durch das duale Konzept k\u00f6nnen Gemeinden ihre eigenen Leiter &#8222;on the Job&#8220; ausbilden und pr\u00e4gen. Studierende stehen von Beginn weg im aktiven Dienst in der ausbildenden Gemeinde. Pastoren erhalten dadurch die M\u00f6glichkeit, ihren Nachwuchs in den pastoralen Dienst zu f\u00fchren.<\/p>\n\t\t\t\t<img decoding=\"async\" src=\"https:\/\/www.istl.net\/wp-content\/uploads\/2022\/10\/Ausbildungskonzept-1.png\" alt=\"Ausbildungskonzept\" itemprop=\"image\" height=\"365\" width=\"364\" title=\"Ausbildungskonzept\" onerror=\"this.style.display='none'\" loading=\"lazy\" \/>\n\t\t\t\t<p>Die Studientage finden jeweils im ersten Teil der Woche statt. Montag und Dienstag sind Pr\u00e4senztage im Studienzentrum. Dazu kommt ein weiterer Selbststudientag. Die Praxis in der Gemeinde (Internship) findet jeweils in der zweiten H\u00e4lfte der Woche statt.<\/p>\n<p>Die verschiedenen Bildungsg\u00e4nge dauern 1 bis 4 Jahre.\u00a0Entdecke den geeigneten Ausbildungsweg f\u00fcr dich. Hier geht&#8217;s zu den Infos:<\/p>\n\t\t\t<a href=\"https:\/\/www.istl.net\/de\/studienangebote\/%20\" target=\"_blank\" rel=\"noopener\">\n\t\t\t\t\t\t\tBildungsangebote\n\t\t\t\t\t<\/a>\n\t\t\t<h2>Interessiert?<\/h2>\t\t\t\n\t\t\t\t<p>Investiere deine Zeit ins Reich Gottes mit einem Theologiestudium bei uns in Karlsruhe. Bei uns erh\u00e4ltst du eine fundierte Ausbildung und wirst gleichzeitig in deiner Gemeinde gef\u00f6rdert. Starte jetzt und entdecke deine Berufung!<\/p>\n<p>Melde dich gleich f\u00fcr einen kostenlosen Schnuppertag inkl. Berufungsgespr\u00e4ch an.<\/p>\n\t\t\t<a href=\"https:\/\/www.istl.net\/anmelden-schnuppern\/\" target=\"_blank\" rel=\"noopener\">\n\t\t\t\t\t\t\tSchnuppertag\n\t\t\t\t\t<\/a>\n\t\t\t\t<p>Du hast dich schon entschieden, bei uns die Ausbildung zu machen? Dann lege gleich los mit deiner Anmeldung!<\/p>\n\t\t\t<a href=\"https:\/\/www.istl.net\/anmelden-studium\/\" target=\"_blank\" rel=\"noopener\">\n\t\t\t\t\t\t\tStudium\n\t\t\t\t\t<\/a>\n\t\t\t\t<img decoding=\"async\" src=\"https:\/\/www.istl.net\/wp-content\/uploads\/2024\/03\/bildauswahl-quadro11.jpg\" alt=\"bildauswahl quadro11\" itemprop=\"image\" height=\"1000\" width=\"1000\" title=\"Bildauswahl-Quadro11\" onerror=\"this.style.display='none'\" loading=\"lazy\" \/>\n\t\t\t\t<p>\u00abIch liebe das ISTL. Es verbindet ein solides Studium mit enormer Praxisn\u00e4he und einer Kultur der Bef\u00e4higung und Freisetzung!\u00bb<\/p>\n\t\t\t\t<h4>Steffen Beck, Leitender Pastor ICF Karlsruhe<\/h4>\n\t\t\t\t<img decoding=\"async\" src=\"https:\/\/www.istl.net\/wp-content\/uploads\/2024\/03\/53351710208-ohneflaschen-16x9-low-e1719308823371-600x600.jpg\" alt=\"53351710208 ohneflaschen 16x9 low\" itemprop=\"image\" height=\"600\" width=\"600\" title=\"53351710208-ohneFlaschen-16x9-Low\" onerror=\"this.style.display='none'\" loading=\"lazy\" \/>\n\t\t\t\t<img decoding=\"async\" src=\"https:\/\/www.istl.net\/wp-content\/uploads\/2024\/03\/button-spenden-ka.png\" alt=\"button spenden ka\" itemprop=\"image\" height=\"1885\" width=\"1889\" title=\"Button-Spenden-KA\" onerror=\"this.style.display='none'\" loading=\"lazy\" \/>\n\t\t\t<h1>Dein Beitrag macht einen Unterschied.<\/h1>\t\t\t\n\t\t\t\t<p>Wir tr\u00e4umen von tausenden jungen Menschen, die als Pastoren, Evangelisten, Gemeindegr\u00fcnder oder Missionare unsere Welt auf den Kopf stellen. Dutzende neue Studienzentren sollen in Europa und dar\u00fcber hinaus entstehen. Mit deiner Spende unterst\u00fctzt du unseren Traum.<\/p>\n\t\t\t<h3>Zahlungen und Spenden an ISTL Karlsruhe<\/h3>\t\t\t\n\t\t\t<h3>Bank<\/h3>\t\t\t\n\t\t\t\t<p>ISTL e. V., Alemannenstrasse 64, 79117\u00a0Freiburg i.B., Deutschland<br \/>Einzahlen an: SKB Bad Homburg<br \/>IBAN: DE06 5009 2100 0001 6741 10<br \/>BIC: GENODE51BH2<\/p>\n\t\t\t\t<img decoding=\"async\" src=\"https:\/\/www.istl.net\/wp-content\/uploads\/2024\/02\/bildauswahl-quadro-22-600x600.jpg\" alt=\"bildauswahl quadro 22\" itemprop=\"image\" height=\"600\" width=\"600\" title=\"Bildauswahl-Quadro-22\" onerror=\"this.style.display='none'\" loading=\"lazy\" \/>\n\t\t\t<h2>Kontakt<\/h2>\t\t\t\n\t\t\t\t<p>Bist du in der Leitung einer Gemeinde, und m\u00f6chtest mithelfen, Nachwuchskr\u00e4fte f\u00fcr Kirche und Mission auszubilden?\u00a0<br \/>Hast du Fragen oder sonst ein Anliegen?<\/p>\n\t\t\t<a href=\"mailto:info@istl.net\" target=\"_self\">\n\t\t\t\t\t\t\tKontaktiere uns!\n\t\t\t\t\t<\/a>\n\t\t\t<h2>Ausbildungszentrum<\/h2>\t\t\t\n\t\t\t\t<p>ISTL \/ city church Karlsruhe<br \/>Pfannkuchstrasse 2<br \/>76185 Karlsruhe<br \/>Deutschland<\/p>\n\t\t\t\t<a href=\"mailto:info@istl.net\"  target=\"_self\" itemprop=\"url\">\n\t\t\t\t<img decoding=\"async\" src=\"https:\/\/www.istl.net\/wp-content\/uploads\/2023\/07\/karte_standorte_beschriftet_230725_eln-679x800.png\" alt=\"karte standorte beschriftet 230725 eln\" itemprop=\"image\" height=\"800\" width=\"679\" title=\"Karte_Standorte_Beschriftet_230725_ELN\" onerror=\"this.style.display='none'\" loading=\"lazy\" \/>\n\t\t\t\t<\/a>\n\t\t\t<h3>Mitarbeiter Standort Karlsruhe<\/h3>\t\t\t\n\t\t\t<h3>Dozenten Standort Karlsruhe<\/h3>\t\t\t\n\t\t\t\t<p>\u00abISTL ist f\u00fcr mich ein einzigartiges theologisches Seminar, um zuk\u00fcnftigen Leitern und Pastoren das R\u00fcstzeug zu vermitteln, welches sie brauchen, um unsere Gesellschaft mit der guten Nachricht zu transformieren\u00bb<\/p>\n\t\t\t\t<h4>Hanspeter Zimpfler, Pastor CGFR Freiburg<\/h4>\n\n","protected":false},"excerpt":{"rendered":"<p>Karlsruhe Willkommen im ISTL Karlsruhe Bildungsgang in Praktischer Theologie in Karlsruhe Studiere Theologie bei ISTL Karlsruhe. In Zusammenarbeit mit der Evangelischen Allianz Karlsruhe und diversen Kirchen aus der Region bilden wir pastorale F\u00fchrungskr\u00e4fte aus. Junge Leiter aus ganz S\u00fcddeutschland kommen hier zusammen, um gemeinsam ihr Wissen zu erweitern und ihre F\u00e4higkeiten zu entwickeln. In unserem [&hellip;]<\/p>\n","protected":false},"author":20,"featured_media":9861,"parent":0,"menu_order":0,"comment_status":"closed","ping_status":"closed","template":"","meta":{"_acf_changed":false,"_seopress_robots_primary_cat":"","_seopress_titles_title":"Karlsruhe","_seopress_titles_desc":"Studiere Theologie bei ISTL Karlsruhe. In Zusammenarbeit mit der Evangelischen Allianz Karlsruhe und diversen Kirchen aus der Region bilden wir pastorale F\u00fchrungskr\u00e4fte aus.","_seopress_robots_index":"","site-sidebar-layout":"no-sidebar","site-content-layout":"page-builder","ast-site-content-layout":"full-width-container","site-content-style":"unboxed","site-sidebar-style":"unboxed","ast-global-header-display":"","ast-banner-title-visibility":"","ast-main-header-display":"","ast-hfb-above-header-display":"","ast-hfb-below-header-display":"","ast-hfb-mobile-header-display":"","site-post-title":"disabled","ast-breadcrumbs-content":"","ast-featured-img":"disabled","footer-sml-layout":"","ast-disable-related-posts":"","theme-transparent-header-meta":"default","adv-header-id-meta":"","stick-header-meta":"default","header-above-stick-meta":"","header-main-stick-meta":"","header-below-stick-meta":"","astra-migrate-meta-layouts":"set","ast-page-background-enabled":"default","ast-page-background-meta":{"desktop":{"background-color":"","background-image":"","background-repeat":"repeat","background-position":"center center","background-size":"auto","background-attachment":"scroll","background-type":"","background-media":"","overlay-type":"","overlay-color":"","overlay-opacity":"","overlay-gradient":""},"tablet":{"background-color":"","background-image":"","background-repeat":"repeat","background-position":"center center","background-size":"auto","background-attachment":"scroll","background-type":"","background-media":"","overlay-type":"","overlay-color":"","overlay-opacity":"","overlay-gradient":""},"mobile":{"background-color":"","background-image":"","background-repeat":"repeat","background-position":"center center","background-size":"auto","background-attachment":"scroll","background-type":"","background-media":"","overlay-type":"","overlay-color":"","overlay-opacity":"","overlay-gradient":""}},"ast-content-background-meta":{"desktop":{"background-color":"var(--ast-global-color-5)","background-image":"","background-repeat":"repeat","background-position":"center center","background-size":"auto","background-attachment":"scroll","background-type":"","background-media":"","overlay-type":"","overlay-color":"","overlay-opacity":"","overlay-gradient":""},"tablet":{"background-color":"var(--ast-global-color-5)","background-image":"","background-repeat":"repeat","background-position":"center center","background-size":"auto","background-attachment":"scroll","background-type":"","background-media":"","overlay-type":"","overlay-color":"","overlay-opacity":"","overlay-gradient":""},"mobile":{"background-color":"var(--ast-global-color-5)","background-image":"","background-repeat":"repeat","background-position":"center center","background-size":"auto","background-attachment":"scroll","background-type":"","background-media":"","overlay-type":"","overlay-color":"","overlay-opacity":"","overlay-gradient":""}},"_links_to":"","_links_to_type":0,"iawp_total_views":3604,"footnotes":""},"class_list":["post-9632","page","type-page","status-publish","has-post-thumbnail","hentry"],"acf":[],"publishpress_future_action":{"enabled":false,"date":"2026-04-26 06:21:23","action":"change-status","newStatus":"draft","terms":[],"taxonomy":"translation_priority","extraData":[]},"publishpress_future_workflow_manual_trigger":{"enabledWorkflows":[]},"_links":{"self":[{"href":"https:\/\/www.istl.net\/de\/wp-json\/wp\/v2\/pages\/9632","targetHints":{"allow":["GET"]}}],"collection":[{"href":"https:\/\/www.istl.net\/de\/wp-json\/wp\/v2\/pages"}],"about":[{"href":"https:\/\/www.istl.net\/de\/wp-json\/wp\/v2\/types\/page"}],"author":[{"embeddable":true,"href":"https:\/\/www.istl.net\/de\/wp-json\/wp\/v2\/users\/20"}],"replies":[{"embeddable":true,"href":"https:\/\/www.istl.net\/de\/wp-json\/wp\/v2\/comments?post=9632"}],"version-history":[{"count":131,"href":"https:\/\/www.istl.net\/de\/wp-json\/wp\/v2\/pages\/9632\/revisions"}],"predecessor-version":[{"id":15297,"href":"https:\/\/www.istl.net\/de\/wp-json\/wp\/v2\/pages\/9632\/revisions\/15297"}],"wp:featuredmedia":[{"embeddable":true,"href":"https:\/\/www.istl.net\/de\/wp-json\/wp\/v2\/media\/9861"}],"wp:attachment":[{"href":"https:\/\/www.istl.net\/de\/wp-json\/wp\/v2\/media?parent=9632"}],"curies":[{"name":"wp","href":"https:\/\/api.w.org\/{rel}","templated":true}]}}